{"id":3876,"date":"2022-10-24T10:38:39","date_gmt":"2022-10-24T13:38:39","guid":{"rendered":"https:\/\/dql.cup.edu.uy\/?page_id=3876"},"modified":"2024-03-05T08:13:58","modified_gmt":"2024-03-05T11:13:58","slug":"fisicoquimica-molecular-basica","status":"publish","type":"page","link":"https:\/\/dql.cup.edu.uy\/index.php\/fisicoquimica-molecular-basica\/","title":{"rendered":"Fisicoqu\u00edmica Molecular B\u00e1sica"},"content":{"rendered":"<div class=\"entry-content\" itemprop=\"text\">\n<p>Toda la informaci\u00f3n del curso la encuentran en la p\u00e1gina moodle de Facultad de Qu\u00edmica<\/p>\n<p><a href=\"https:\/\/moodle3.fq.edu.uy\/course\/view.php?id=208\">https:\/\/moodle3.fq.edu.uy\/course\/view.php?id=208<\/a><\/p>\n<p>&nbsp;<\/p>\n<p>Por cualquier consulta referente al curso en Paysand\u00fa comunicarse con la <a href=\"https:\/\/dql.cup.edu.uy\/index.php\/lista-de-docentes-coordinadores\/\">docente coordinadora.<\/a><\/p>\n<div class=\"su-accordion su-u-trim\">\n<div class=\"su-spoiler su-spoiler-style-default su-spoiler-icon-plus su-spoiler-closed\" data-scroll-offset=\"0\" data-anchor-in-url=\"no\"><div class=\"su-spoiler-title\" tabindex=\"0\" role=\"button\"><span class=\"su-spoiler-icon\"><\/span>Parciales en Paysand\u00fa<\/div><div class=\"su-spoiler-content su-u-clearfix su-u-trim\">\n<p><!--<span style=\"text-decoration: underline;\"><strong>Per\u00edodo Octubre 2022<\/strong><\/span>\n\n<strong>#Fecha:<\/strong> Mi\u00e9rcoles 26 de octubre\n\n<strong>Horario:<\/strong> 15:00 h\n\n<strong>Lugar:<\/strong> Sal\u00f3n 105 del CUP--><\/p>\n<\/div><\/div>\n<div class=\"page\" title=\"Page 1\">\n<div class=\"su-spoiler su-spoiler-style-default su-spoiler-icon-plus su-spoiler-closed\" data-scroll-offset=\"0\" data-anchor-in-url=\"no\"><div class=\"su-spoiler-title\" tabindex=\"0\" role=\"button\"><span class=\"su-spoiler-icon\"><\/span>Ex\u00e1menes en Paysand\u00fa<\/div><div class=\"su-spoiler-content su-u-clearfix su-u-trim\">\n<p><!-- <span style=\"text-decoration: underline;\"><strong>Per\u00edodo Octubre 2022<\/strong><\/span>\n\n<strong>Fecha:<\/strong> Mi\u00e9rcoles 26 de octubre\n\n<strong>Horario:<\/strong> 15:00 h\n\n<strong>Lugar:<\/strong> Sal\u00f3n 105 del CUP--><\/p>\n<\/div><\/div>\n<\/div>\n<\/div>\n<div id=\"sconnect-is-installed\" style=\"display: none;\">2.15.0.0<\/div>\n<div id=\"sconnect-is-installed\" style=\"display: none;\">2.15.0.0<\/div>\n<div id=\"sconnect-is-installed\" style=\"display: none;\">2.15.0.0<\/div>\n<div id=\"sconnect-is-installed\" style=\"display: none;\">2.15.0.0<\/div>\n<div id=\"sconnect-is-installed\" style=\"display: none;\">2.15.0.0<\/div>\n<div id=\"sconnect-is-installed\" style=\"display: none;\">2.15.0.0<\/div>\n\n\n<\/div>\n","protected":false},"excerpt":{"rendered":"<div class=\"entry-summary\" itemprop=\"text\">\n<p>Toda la informaci\u00f3n del curso la encuentran en la p\u00e1gina moodle de Facultad de Qu\u00edmica https:\/\/moodle3.fq.edu.uy\/course\/view.php?id=208 &nbsp; Por cualquier consulta referente al curso en Paysand\u00fa comunicarse con la docente coordinadora. 2.15.0.0 2.15.0.0 2.15.0.0 2.15.0.0 2.15.0.0 2.15.0.0<\/p>\n\n<\/div>\n","protected":false},"author":5,"featured_media":0,"parent":0,"menu_order":0,"comment_status":"closed","ping_status":"closed","template":"","meta":{"footnotes":""},"class_list":["post-3876","page","type-page","status-publish","hentry","entry-lead"],"_links":{"self":[{"href":"https:\/\/dql.cup.edu.uy\/index.php\/wp-json\/wp\/v2\/pages\/3876","targetHints":{"allow":["GET"]}}],"collection":[{"href":"https:\/\/dql.cup.edu.uy\/index.php\/wp-json\/wp\/v2\/pages"}],"about":[{"href":"https:\/\/dql.cup.edu.uy\/index.php\/wp-json\/wp\/v2\/types\/page"}],"author":[{"embeddable":true,"href":"https:\/\/dql.cup.edu.uy\/index.php\/wp-json\/wp\/v2\/users\/5"}],"replies":[{"embeddable":true,"href":"https:\/\/dql.cup.edu.uy\/index.php\/wp-json\/wp\/v2\/comments?post=3876"}],"version-history":[{"count":11,"href":"https:\/\/dql.cup.edu.uy\/index.php\/wp-json\/wp\/v2\/pages\/3876\/revisions"}],"predecessor-version":[{"id":4182,"href":"https:\/\/dql.cup.edu.uy\/index.php\/wp-json\/wp\/v2\/pages\/3876\/revisions\/4182"}],"wp:attachment":[{"href":"https:\/\/dql.cup.edu.uy\/index.php\/wp-json\/wp\/v2\/media?parent=3876"}],"curies":[{"name":"wp","href":"https:\/\/api.w.org\/{rel}","templated":true}]}}