{"id":3853,"date":"2022-10-03T17:41:33","date_gmt":"2022-10-03T20:41:33","guid":{"rendered":"https:\/\/dql.cup.edu.uy\/?page_id=3853"},"modified":"2022-11-30T01:40:15","modified_gmt":"2022-11-30T04:40:15","slug":"talleres-pre-universitarios-de-quimica","status":"publish","type":"page","link":"https:\/\/dql.cup.edu.uy\/index.php\/talleres-pre-universitarios-de-quimica\/","title":{"rendered":"Talleres Pre-Universitarios de Qu\u00edmica"},"content":{"rendered":"<div class=\"entry-content\" itemprop=\"text\">\n<p>&nbsp;<\/p>\n<p><img loading=\"lazy\" decoding=\"async\" class=\"aligncenter wp-image-3904 size-full\" src=\"https:\/\/dql.cup.edu.uy\/wp-content\/uploads\/2022\/10\/Talleres-e1668021068225.png\" alt=\"\" width=\"4713\" height=\"966\" srcset=\"https:\/\/dql.cup.edu.uy\/wp-content\/uploads\/2022\/10\/Talleres-e1668021068225.png 4713w, https:\/\/dql.cup.edu.uy\/wp-content\/uploads\/2022\/10\/Talleres-e1668021068225-300x61.png 300w, https:\/\/dql.cup.edu.uy\/wp-content\/uploads\/2022\/10\/Talleres-e1668021068225-768x157.png 768w, https:\/\/dql.cup.edu.uy\/wp-content\/uploads\/2022\/10\/Talleres-e1668021068225-1024x210.png 1024w\" sizes=\"auto, (max-width: 4713px) 100vw, 4713px\" \/><\/p>\n<p><img loading=\"lazy\" decoding=\"async\" class=\"aligncenter wp-image-3912 size-full\" src=\"https:\/\/dql.cup.edu.uy\/wp-content\/uploads\/2022\/10\/Screen-Shot-2022-11-09-at-17.04.53.png\" alt=\"\" width=\"718\" height=\"108\" \/><\/p>\n<p><a href=\"https:\/\/forms.gle\/3QEjbTypV2i3diFH6\"><img loading=\"lazy\" decoding=\"async\" class=\"aligncenter wp-image-3909\" src=\"https:\/\/dql.cup.edu.uy\/wp-content\/uploads\/2022\/10\/Screen-Shot-2022-11-09-at-16.18.34-1024x209.png\" alt=\"\" width=\"367\" height=\"75\" srcset=\"https:\/\/dql.cup.edu.uy\/wp-content\/uploads\/2022\/10\/Screen-Shot-2022-11-09-at-16.18.34-1024x209.png 1024w, https:\/\/dql.cup.edu.uy\/wp-content\/uploads\/2022\/10\/Screen-Shot-2022-11-09-at-16.18.34-300x61.png 300w, https:\/\/dql.cup.edu.uy\/wp-content\/uploads\/2022\/10\/Screen-Shot-2022-11-09-at-16.18.34-768x157.png 768w, https:\/\/dql.cup.edu.uy\/wp-content\/uploads\/2022\/10\/Screen-Shot-2022-11-09-at-16.18.34.png 1120w\" sizes=\"auto, (max-width: 367px) 100vw, 367px\" \/><\/a><\/p>\n<p>&nbsp;<\/p>\n<p><img loading=\"lazy\" decoding=\"async\" class=\"aligncenter wp-image-3984 size-full\" src=\"https:\/\/dql.cup.edu.uy\/wp-content\/uploads\/2022\/10\/Screen-Shot-2022-11-29-at-13.14.47.png\" alt=\"\" width=\"1049\" height=\"644\" srcset=\"https:\/\/dql.cup.edu.uy\/wp-content\/uploads\/2022\/10\/Screen-Shot-2022-11-29-at-13.14.47.png 1049w, https:\/\/dql.cup.edu.uy\/wp-content\/uploads\/2022\/10\/Screen-Shot-2022-11-29-at-13.14.47-300x184.png 300w, https:\/\/dql.cup.edu.uy\/wp-content\/uploads\/2022\/10\/Screen-Shot-2022-11-29-at-13.14.47-768x471.png 768w, https:\/\/dql.cup.edu.uy\/wp-content\/uploads\/2022\/10\/Screen-Shot-2022-11-29-at-13.14.47-1024x629.png 1024w\" sizes=\"auto, (max-width: 1049px) 100vw, 1049px\" \/><img loading=\"lazy\" decoding=\"async\" class=\"alignnone wp-image-3987 size-full\" src=\"https:\/\/dql.cup.edu.uy\/wp-content\/uploads\/2022\/10\/Screen-Shot-2022-11-30-at-01.38.36.png\" alt=\"\" width=\"1057\" height=\"666\" srcset=\"https:\/\/dql.cup.edu.uy\/wp-content\/uploads\/2022\/10\/Screen-Shot-2022-11-30-at-01.38.36.png 1057w, https:\/\/dql.cup.edu.uy\/wp-content\/uploads\/2022\/10\/Screen-Shot-2022-11-30-at-01.38.36-300x189.png 300w, https:\/\/dql.cup.edu.uy\/wp-content\/uploads\/2022\/10\/Screen-Shot-2022-11-30-at-01.38.36-768x484.png 768w, https:\/\/dql.cup.edu.uy\/wp-content\/uploads\/2022\/10\/Screen-Shot-2022-11-30-at-01.38.36-1024x645.png 1024w\" sizes=\"auto, (max-width: 1057px) 100vw, 1057px\" \/><\/p>\n<p style=\"text-align: center;\">Si conoces la respuesta de la pregunta del d\u00eda env\u00edala\u00a0haciendo click <span style=\"color: #0000ff;\"><a style=\"color: #0000ff;\" href=\"https:\/\/forms.gle\/7KqZjMq61UFVq5Ap7\"><strong>aqu\u00ed<\/strong><\/a><\/span><\/p>\n<p style=\"text-align: center;\">(ATENCI\u00d3N: para poder participar por los premios solamente ser\u00e1n consideradas las respuestas de aquellos participantes que asistan a las cinco clases de uno de los talleres)<\/p>\n<div class=\"su-accordion su-u-trim\"><\/div>\n<div class=\"su-spoiler su-spoiler-style-fancy su-spoiler-icon-plus\" data-scroll-offset=\"0\" data-anchor-in-url=\"no\"><div class=\"su-spoiler-title\" tabindex=\"0\" role=\"button\"><span class=\"su-spoiler-icon\"><\/span>Talleres Pre-Universitarios de Qu\u00edmica<\/div><div class=\"su-spoiler-content su-u-clearfix su-u-trim\">\n<p>Este espacio fue creado con el fin de aportar a fortalecer la formaci\u00f3n en el \u00e1rea qu\u00edmica a estudiantes que egresan de educaci\u00f3n secundaria.<\/p>\n<p>Buscamos contribuir a mejorar el rendimiento en ex\u00e1menes de qu\u00edmica del \u00faltimo a\u00f1o de bachillerato y en cursos de primer a\u00f1o de carreras universitarias cient\u00edfico-tecnol\u00f3gicas.<\/p>\n<p>Realizaremos una serie de cinco talleres pr\u00e1cticos de qu\u00edmica en las instalaciones del CENUR Litoral Norte en las sedes Salto y Paysand\u00fa.<\/p>\n<p>Los talleres se desarrollar\u00e1n en diciembre de 2022 y se reiterar\u00e1n en febrero de 2023.<\/p>\n<\/div><\/div>\n<div class=\"su-spoiler su-spoiler-style-fancy su-spoiler-icon-plus\" data-scroll-offset=\"0\" data-anchor-in-url=\"no\"><div class=\"su-spoiler-title\" tabindex=\"0\" role=\"button\"><span class=\"su-spoiler-icon\"><\/span>\u00bfQui\u00e9nes somos?<\/div><div class=\"su-spoiler-content su-u-clearfix su-u-trim\">\n<p>Los integrantes de este grupo de trabajo somos docentes del Departamento de Qu\u00edmica del Litoral (DQL), estudiantes de grado y posgrado de la Facultad de Qu\u00edmica y docentes de Qu\u00edmica de secundaria.<\/p>\n<\/div><\/div>\n<p><strong>Taller 1:<\/strong> Estructura de la Materia<\/p>\n<p><strong>Taller 2:<\/strong> Estequiometr\u00eda<\/p>\n<p><strong>Taller 3:<\/strong> Termodin\u00e1mica<\/p>\n<p><strong>Taller 4:<\/strong> Equilibrio Qu\u00edmico\/Cin\u00e9tica<\/p>\n<p><strong>Taller 5:<\/strong> Biomol\u00e9culas<\/p>\n<p>&nbsp;<\/p>\n<p>&nbsp;<\/p>\n\n\n<\/div>\n","protected":false},"excerpt":{"rendered":"<div class=\"entry-summary\" itemprop=\"text\">\n<p>&nbsp; &nbsp; Si conoces la respuesta de la pregunta del d\u00eda env\u00edala\u00a0haciendo click aqu\u00ed (ATENCI\u00d3N: para poder participar por los premios solamente ser\u00e1n consideradas las respuestas de aquellos participantes que asistan a las cinco clases de uno de los talleres) Taller 1: Estructura de la Materia Taller 2: Estequiometr\u00eda Taller 3: Termodin\u00e1mica Taller 4: Equilibrio &#8230;<\/p>\n\n<\/div>\n","protected":false},"author":5,"featured_media":0,"parent":0,"menu_order":0,"comment_status":"closed","ping_status":"closed","template":"","meta":{"footnotes":""},"class_list":["post-3853","page","type-page","status-publish","hentry","entry-lead"],"_links":{"self":[{"href":"https:\/\/dql.cup.edu.uy\/index.php\/wp-json\/wp\/v2\/pages\/3853","targetHints":{"allow":["GET"]}}],"collection":[{"href":"https:\/\/dql.cup.edu.uy\/index.php\/wp-json\/wp\/v2\/pages"}],"about":[{"href":"https:\/\/dql.cup.edu.uy\/index.php\/wp-json\/wp\/v2\/types\/page"}],"author":[{"embeddable":true,"href":"https:\/\/dql.cup.edu.uy\/index.php\/wp-json\/wp\/v2\/users\/5"}],"replies":[{"embeddable":true,"href":"https:\/\/dql.cup.edu.uy\/index.php\/wp-json\/wp\/v2\/comments?post=3853"}],"version-history":[{"count":37,"href":"https:\/\/dql.cup.edu.uy\/index.php\/wp-json\/wp\/v2\/pages\/3853\/revisions"}],"predecessor-version":[{"id":3988,"href":"https:\/\/dql.cup.edu.uy\/index.php\/wp-json\/wp\/v2\/pages\/3853\/revisions\/3988"}],"wp:attachment":[{"href":"https:\/\/dql.cup.edu.uy\/index.php\/wp-json\/wp\/v2\/media?parent=3853"}],"curies":[{"name":"wp","href":"https:\/\/api.w.org\/{rel}","templated":true}]}}