{"id":3224,"date":"2020-07-13T21:53:47","date_gmt":"2020-07-14T00:53:47","guid":{"rendered":"https:\/\/dql.cup.edu.uy\/?page_id=3224"},"modified":"2022-04-25T11:44:40","modified_gmt":"2022-04-25T14:44:40","slug":"proyecto-fmv-135751","status":"publish","type":"page","link":"https:\/\/dql.cup.edu.uy\/index.php\/proyecto-fmv-135751\/","title":{"rendered":""},"content":{"rendered":"<div class=\"entry-content\" itemprop=\"text\">\n<h3>Resumen del proyecto<\/h3>\n<div class=\"page\" title=\"Page 1\">\n<div class=\"section\">\n<div class=\"layoutArea\">\n<div class=\"column\">\n<div class=\"page\" title=\"Page 1\">\n<div class=\"section\">\n<div class=\"layoutArea\">\n<div class=\"column\">\n<p style=\"text-align: justify;\">La leptospirosis es una zoonosis de amplia distribuci\u00f3n geogr\u00e1fica, que representa un serio riesgo sanitario para los trabajadores rurales, causando tambi\u00e9n importantes perjuicios econ\u00f3micos en el agro por p\u00e9rdidas en la producci\u00f3n ganadera lechera y de carne. Si bien a nivel nacional e internacional un n\u00famero importante de grupos de investigaci\u00f3n est\u00e1n enfocados en el estudio de cepas de Leptospira, muchos se desenvuelven en el \u00e1rea microbiol\u00f3gica, bioqu\u00edmica y\/o estructural de prote\u00ednas, pero muy poco se ha trabajado y es conocido sobre la estructura de los ant\u00edgenos O-espec\u00edficos que conforman los diferentes lipopolisac\u00e1ridos. Estos polisac\u00e1ridos son factores de virulencia relevantes, lleg\u00e1ndose a definir m\u00e1s de 280 serovares de <em>Leptospira<\/em> en base a la reactividad serol\u00f3gica de los mismos; esto es una consecuencia directa de la variabilidad estructural de estas biomol\u00e9culas. A pesar de su importancia, hasta el momento solo se ha reportado la estructura del ant\u00edgeno O-espec\u00edfico de un \u00fanico serovar de <em>Leptospira<\/em>, y los estudios restantes solo se han enfocado en la determinaci\u00f3n de los az\u00facares que componen estos pol\u00edmeros, pero no en una elucidaci\u00f3n estructural detallada. En este proyecto se est\u00e1\u00a0trabajando\u00a0en la obtenci\u00f3n, purificaci\u00f3n y caracterizaci\u00f3n de los ant\u00edgenos O-espec\u00edficos de dos aislamientos de <em>Leptospira<\/em> disponibles en el cepario del Instituto de Higiene. Los materiales purificados pretenden ser usados en etapas futuras en el desarrollo de vacunas conjugadas y m\u00e9todos de diagn\u00f3stico. El conocimiento de las estructuras qu\u00edmicas de estos polisac\u00e1ridos, y la identificaci\u00f3n de los cl\u00fasteres de genes involucrados en la bios\u00edntesis de los mismos, pretenden ser el punto de partida para comenzar a desarrollar una base de datos estructural de ant\u00edgenos O-espec\u00edficos de cepas patog\u00e9nicas de <em>Leptospira<\/em>.<\/p>\n<\/div>\n<\/div>\n<\/div>\n<div class=\"column\">\n<hr \/>\n<\/div>\n<div class=\"column\">\n<h3>Difusi\u00f3n de Resultados<\/h3>\n<ul>\n<li style=\"text-align: justify;\"><a href=\"https:\/\/www.youtube.com\/watch?v=CE9dAFJGJMI&amp;t=25s\"><span lang=\"ES\">Llona, J.D.*; Cocco, S.*; Bottini, G.; Fontana C. \u201c<i>Estudio Bioinform\u00e1tico de Cl\u00fasteres de Genes de Ant\u00edgenos O-espec\u00edficos de Leptospira\u201d<\/i>. P\u00f3ster en el EXPO PAIE, Uruguay, <b>2020<\/b>. Los estudiantes Santiago Cocco y Diego Llona recibieron una menci\u00f3n especial por este trabajo.<\/span><\/a><\/li>\n<li style=\"text-align: justify;\"><a href=\"https:\/\/www.dropbox.com\/s\/6z1l2fhcs5afa01\/SINAQO_Telles.pdf?dl=0\">Telles, I.*; Bessio, M.I.; Iglesias, T.; Llona, D.; Cocco, S.; Ferreira, F.; Varela, G.; Fontana, C. Obtenci\u00f3n, Purificaci\u00f3n y Caracterizaci\u00f3n del Ant\u00edgeno O-espec\u00edfico de <em>L. interrogans<\/em> Serovar Icteroahemorrhagiae. P\u00f3ster en el SINAQO XXII, Mendoza, Argentina, <strong>2019<\/strong>.<\/a><\/li>\n<li style=\"text-align: justify;\"><a href=\"https:\/\/www.dropbox.com\/s\/dgopu0oso9kz4jy\/Libro_Resumenes_ENAQUI6_Iglesias.pdf?dl=0\">Iglesias, T.*; Bessio, M.I.*; Telles, I.; Ferreira, F.; Varela, G.; Fontana, C. Obtenci\u00f3n y Purificaci\u00f3n del Ant\u00edgeno O-espec\u00edfico de <em>Leptospira<\/em> interrogans serovar Icterohaemorrhagia. P\u00f3ster en el 6to Encuentro Nacional de Qu\u00edmica, Montevideo, Uruguay, <strong>2019<\/strong>.<\/a><\/li>\n<li style=\"text-align: justify;\"><a href=\"https:\/\/www.dropbox.com\/s\/bv55ki2guqpg6zt\/Libro_Resumenes_ENAQUI6_Llona.pdf?dl=0\">Llona, J.D.*; Cocco, S.*; Bottini, G.; Fontana C. Estudio Bioinform\u00e1tico de Cl\u00fasteres de Genes de Ant\u00edgenos O-espec\u00edficos de <em>Leptospira<\/em>. P\u00f3ster en el 6to Encuentro Nacional de Qu\u00edmica, Montevideo, Uruguay, <strong>2019<\/strong>.<\/a><\/li>\n<\/ul>\n<hr \/>\n<h3>Charlas\u00a0de\u00a0Divulgaci\u00f3n<\/h3>\n<\/div>\n<ul>\n<li style=\"text-align: justify;\">Fontana, C. \u00abPolisac\u00e1ridos de <em>Leptospira<\/em>: materia prima para el dise\u00f1o de vacunas y m\u00e9todos de diagn\u00f3stico\u00bb. Presentaci\u00f3n oral para estudiantes de educaci\u00f3n secundaria de la ciudad de Young en el contexto de una campa\u00f1a denominada \u00abInvestigadores \u00a1H\u00e9roes del progreso humano!\u00bb organizada por la Sociedad Rural de R\u00edo Negro, Young, Setiembre\u00a0<strong>2020<\/strong>.<\/li>\n<li style=\"text-align: justify;\"><a href=\"https:\/\/dql.cup.edu.uy\/index.php\/proyecto-fmv-135751\/\">Varela, G. \u201c<em>Leptospirosis, una enfermedad olvidada\u201d<\/em>. Presentaci\u00f3n\u00a0oral en la Jornada de Divulgaci\u00f3n \u201c<em>Leptospirosis: diagn\u00f3stico y vacunas, una mirada qu\u00edmic<\/em>a\u201d, realizada en el contexto del proyecto Fondo Mar\u00eda Vi\u00f1as Nro. 135751, Julio 2020.<\/a><\/li>\n<li style=\"text-align: justify;\"><a href=\"https:\/\/dql.cup.edu.uy\/index.php\/jornadas-leptospirosis-2020\/\">Fontana, C. \u201c<em>Polisac\u00e1ridos de Leptospira \u2013 materia prima para el desarrollo de vacunas y m\u00e9todos de diagn\u00f3stico\u201d<\/em>. Presentaci\u00f3n oral en la Jornada de Divulgaci\u00f3n \u201c<em>Leptospirosis: diagn\u00f3stico y vacunas, una mirada qu\u00edmic<\/em>a\u201d, realizada en el contexto del proyecto Fondo Mar\u00eda Vi\u00f1as Nro. 135751, Julio 2020.<\/a><\/li>\n<li style=\"text-align: justify;\"><a href=\"http:\/\/www.cup.edu.uy\/index.php\/94-noticias\/ultimas-noticias\/4117-desayuno-de-mujeres-cientificas-en-conmemoracion-del-dia-internacional-de-la-mujer-y-la-nina-en-la-ciencia.html\">Fontana, C. \u201cObtenci\u00f3n, purificaci\u00f3n y caracterizaci\u00f3n estructural de ant\u00edgenos de polisac\u00e1ridos de <em>Leptospira<\/em> como materia prima para el dise\u00f1o de nuevas vacunas y m\u00e9todos de diagn\u00f3stico\u201d. Presentaci\u00f3n Oral en Desayuno Global de Mujeres, auspiciado por IUPAC, Montevideo y Paysand\u00fa, Febrero\u00a0<strong>2020<\/strong>.<\/a><\/li>\n<li><a href=\"http:\/\/www.eemac.edu.uy\/index.php\/comunicacion-y-extension\/comunicacion\/mas-noticias\/870-jornada-de-puertas-abiertas-en-la-eemac\">Fontana, C. \u201c<em>Polisac\u00e1ridos de Leptospira \u2013 materia prima para el desarrollo de vacunas y m\u00e9todos de diagn\u00f3stico<\/em>\u201d. Presentaci\u00f3n oral para estudiantes de secundaria y p\u00fablico en general en la Jornada de Puertas Abiertas organizada en el marco de la SemanaCyT por el Departamento de Qu\u00edmica del Litoral, Estaci\u00f3n Experimental Mario A. Cassinoni, Paysand\u00fa, Mayo 2019.<\/a><\/li>\n<\/ul>\n<\/div>\n<div class=\"column\">\n<hr \/>\n<h3>Organizaci\u00f3n de Eventos<\/h3>\n<\/div>\n<ul>\n<li style=\"text-align: justify;\"><a href=\"https:\/\/dql.cup.edu.uy\/index.php\/jornadas-leptospirosis-2020\/\">Jornadas de Divulgaci\u00f3n\u00a0\u00abLeptospirosis: diagn\u00f3stico y vacunas, una mirada qu\u00edmica\u00bb,\u00a0realizada en el contexto del proyecto Fondo Mar\u00eda Vi\u00f1as Nro. 135751, Julio <strong>2020<\/strong>.<\/a><\/li>\n<\/ul>\n<hr \/>\n<h3 style=\"text-align: justify;\"><\/h3>\n<\/div>\n<\/div>\n<\/div>\n<\/div>\n\n\n<\/div>\n","protected":false},"excerpt":{"rendered":"<div class=\"entry-summary\" itemprop=\"text\">\n<p>Resumen del proyecto La leptospirosis es una zoonosis de amplia distribuci\u00f3n geogr\u00e1fica, que representa un serio riesgo sanitario para los trabajadores rurales, causando tambi\u00e9n importantes perjuicios econ\u00f3micos en el agro por p\u00e9rdidas en la producci\u00f3n ganadera lechera y de carne. Si bien a nivel nacional e internacional un n\u00famero importante de grupos de investigaci\u00f3n est\u00e1n &#8230;<\/p>\n\n<\/div>\n","protected":false},"author":4,"featured_media":3235,"parent":0,"menu_order":0,"comment_status":"closed","ping_status":"closed","template":"","meta":{"footnotes":""},"class_list":["post-3224","page","type-page","status-publish","has-post-thumbnail","hentry","entry-lead"],"_links":{"self":[{"href":"https:\/\/dql.cup.edu.uy\/index.php\/wp-json\/wp\/v2\/pages\/3224","targetHints":{"allow":["GET"]}}],"collection":[{"href":"https:\/\/dql.cup.edu.uy\/index.php\/wp-json\/wp\/v2\/pages"}],"about":[{"href":"https:\/\/dql.cup.edu.uy\/index.php\/wp-json\/wp\/v2\/types\/page"}],"author":[{"embeddable":true,"href":"https:\/\/dql.cup.edu.uy\/index.php\/wp-json\/wp\/v2\/users\/4"}],"replies":[{"embeddable":true,"href":"https:\/\/dql.cup.edu.uy\/index.php\/wp-json\/wp\/v2\/comments?post=3224"}],"version-history":[{"count":58,"href":"https:\/\/dql.cup.edu.uy\/index.php\/wp-json\/wp\/v2\/pages\/3224\/revisions"}],"predecessor-version":[{"id":3714,"href":"https:\/\/dql.cup.edu.uy\/index.php\/wp-json\/wp\/v2\/pages\/3224\/revisions\/3714"}],"wp:featuredmedia":[{"embeddable":true,"href":"https:\/\/dql.cup.edu.uy\/index.php\/wp-json\/wp\/v2\/media\/3235"}],"wp:attachment":[{"href":"https:\/\/dql.cup.edu.uy\/index.php\/wp-json\/wp\/v2\/media?parent=3224"}],"curies":[{"name":"wp","href":"https:\/\/api.w.org\/{rel}","templated":true}]}}