{"id":203,"date":"2016-12-01T14:32:23","date_gmt":"2016-12-01T17:32:23","guid":{"rendered":"http:\/\/server.paap.cup.edu.uy\/wordpress_dql\/?page_id=203"},"modified":"2017-09-08T14:03:33","modified_gmt":"2017-09-08T17:03:33","slug":"lineas-de-investigacion","status":"publish","type":"page","link":"https:\/\/dql.cup.edu.uy\/index.php\/investigacion\/lineas-de-investigacion\/","title":{"rendered":"L\u00edneas de Investigaci\u00f3n"},"content":{"rendered":"<div class=\"entry-content\" itemprop=\"text\">\n<ul>\n<li style=\"text-align: justify;\"><a href=\" http:\/\/server.paap.cup.edu.uy\/wordpress_dql\/index.php\/investigacion\/laboratorio-de-analisis-de-compuestos-traza#ANCLA1\"> Estudio de la inocuidad de los alimentos en relaci\u00f3n a su contenido de residuos de pesticidas y su din\u00e1mica a lo largo del procesamiento <\/a><\/li>\n<li style=\"text-align: justify;\"><a href=\"http:\/\/server.paap.cup.edu.uy\/wordpress_dql\/index.php\/investigacion\/laboratorio-de-analisis-de-compuestos-traza#ANCLA1\">Estudio de la sustentabilidad de agroecosistemas y su relaci\u00f3n con el uso de agroqu\u00edmicos empleando un enfoque multidisciplinario (qu\u00edmico, agron\u00f3mico, ecotoxicol\u00f3gico)<\/a><\/li>\n<li style=\"text-align: justify;\"><a href=\" http:\/\/server.paap.cup.edu.uy\/wordpress_dql\/index.php\/investigacion\/laboratorio-de-analisis-de-compuestos-traza#ANCLA1\">B\u00fasqueda de tecnolog\u00edas ambientalmente amigables para disminuir la contaminaci\u00f3n por pesticidas<\/a><\/li>\n<li style=\"text-align: justify;\"><a href=\" http:\/\/server.paap.cup.edu.uy\/wordpress_dql\/index.php\/investigacion\/laboratorio-de-espectroscopia-y-fisicoquimica-organica#ANCLA2\">Estudio de la disoluci\u00f3n de componentes de la lignocelulosa (madera, bagasi, etc.) en l\u00edquidos i\u00f3nicos a nivel molecular y desarrollo de nuevos m\u00e9todos para el procesado de biomasa en este medio<\/a><\/li>\n<li style=\"text-align: justify;\"><a href=\" http:\/\/server.paap.cup.edu.uy\/wordpress_dql\/index.php\/investigacion\/laboratorio-de-espectroscopia-y-fisicoquimica-organica#ANCLA2\">Determinaci\u00f3n de perfiles metab\u00f3licos de leche, jugos de fruta, y productos ap\u00edcolas utilizando espectroscopia RMN, y estudio de los efectos medioambientales en los perfiles metab\u00f3licos de estos productos<\/a><\/li>\n<li style=\"text-align: justify;\"><a href=\" http:\/\/server.paap.cup.edu.uy\/wordpress_dql\/index.php\/investigacion\/laboratorio-de-espectroscopia-y-fisicoquimica-organica#ANCLA2\">Uso de procesos fotoqu\u00edmicos en el desarrollo de nuevas mol\u00e9culas con actividad biol\u00f3gica<\/a><\/li>\n<li style=\"text-align: justify;\"><a href=\" http:\/\/server.paap.cup.edu.uy\/wordpress_dql\/index.php\/investigacion\/laboratorio-de-espectroscopia-y-fisicoquimica-organica#ANCLA2\">An\u00e1lisis estructural y fisicoqu\u00edmico de carbohidratos y glicoconjugados de relevancia biol\u00f3gica y biotecnol\u00f3gica, empleado t\u00e9cnicas de Resonancia Magn\u00e9tica Nuclear<\/a><\/li>\n<li style=\"text-align: justify;\"><a href=\" http:\/\/server.paap.cup.edu.uy\/wordpress_dql\/index.php\/investigacion\/laboratorio-de-quimica-agricola#ANCLA3\">Se desarrollan proyectos de investigaci\u00f3n en qu\u00edmica agr\u00edcola, vinculados a la preparaci\u00f3n y uso de feromonas de insectos y otros semioqu\u00edmicos para el Manejo Integrado de Plagas de varios cultivos<\/a><\/li>\n<\/ul>\n\n\n<\/div>\n","protected":false},"excerpt":{"rendered":"<div class=\"entry-summary\" itemprop=\"text\">\n<p>Estudio de la inocuidad de los alimentos en relaci\u00f3n a su contenido de residuos de pesticidas y su din\u00e1mica a lo largo del procesamiento Estudio de la sustentabilidad de agroecosistemas y su relaci\u00f3n con el uso de agroqu\u00edmicos empleando un enfoque multidisciplinario (qu\u00edmico, agron\u00f3mico, ecotoxicol\u00f3gico) B\u00fasqueda de tecnolog\u00edas ambientalmente amigables para disminuir la contaminaci\u00f3n por &#8230;<\/p>\n\n<\/div>\n","protected":false},"author":1,"featured_media":198,"parent":18,"menu_order":0,"comment_status":"closed","ping_status":"closed","template":"","meta":{"footnotes":""},"class_list":["post-203","page","type-page","status-publish","has-post-thumbnail","hentry","entry-lead"],"_links":{"self":[{"href":"https:\/\/dql.cup.edu.uy\/index.php\/wp-json\/wp\/v2\/pages\/203","targetHints":{"allow":["GET"]}}],"collection":[{"href":"https:\/\/dql.cup.edu.uy\/index.php\/wp-json\/wp\/v2\/pages"}],"about":[{"href":"https:\/\/dql.cup.edu.uy\/index.php\/wp-json\/wp\/v2\/types\/page"}],"author":[{"embeddable":true,"href":"https:\/\/dql.cup.edu.uy\/index.php\/wp-json\/wp\/v2\/users\/1"}],"replies":[{"embeddable":true,"href":"https:\/\/dql.cup.edu.uy\/index.php\/wp-json\/wp\/v2\/comments?post=203"}],"version-history":[{"count":3,"href":"https:\/\/dql.cup.edu.uy\/index.php\/wp-json\/wp\/v2\/pages\/203\/revisions"}],"predecessor-version":[{"id":658,"href":"https:\/\/dql.cup.edu.uy\/index.php\/wp-json\/wp\/v2\/pages\/203\/revisions\/658"}],"up":[{"embeddable":true,"href":"https:\/\/dql.cup.edu.uy\/index.php\/wp-json\/wp\/v2\/pages\/18"}],"wp:featuredmedia":[{"embeddable":true,"href":"https:\/\/dql.cup.edu.uy\/index.php\/wp-json\/wp\/v2\/media\/198"}],"wp:attachment":[{"href":"https:\/\/dql.cup.edu.uy\/index.php\/wp-json\/wp\/v2\/media?parent=203"}],"curies":[{"name":"wp","href":"https:\/\/api.w.org\/{rel}","templated":true}]}}