{"id":199,"date":"2016-12-01T14:28:10","date_gmt":"2016-12-01T17:28:10","guid":{"rendered":"http:\/\/server.paap.cup.edu.uy\/wordpress_dql\/?page_id=199"},"modified":"2024-03-05T09:48:53","modified_gmt":"2024-03-05T12:48:53","slug":"laboratorio-de-quimica-agricola","status":"publish","type":"page","link":"https:\/\/dql.cup.edu.uy\/index.php\/investigacion\/laboratorio-de-quimica-agricola\/","title":{"rendered":"Laboratorio de Qu\u00edmica Agr\u00edcola"},"content":{"rendered":"<div class=\"entry-content\" itemprop=\"text\">\n<h3 style=\"text-align: justify;\">Integrantes<\/h3>\n<p style=\"text-align: justify;\"><i>Dra. Florencia <\/i><i>Parpal<\/i><i>, Prof. Adjunta.<\/i><\/p>\n<p style=\"text-align: justify;\"><em>Paulina Barrios, estudiante de grado<\/em><\/p>\n<h3 style=\"text-align: justify;\">Ex-Integrantes<\/h3>\n<p style=\"text-align: justify;\"><i>Dra. Viviana Heguaburu, Prof. Adjunta.<br \/>\n<\/i><\/p>\n<p style=\"text-align: justify;\"><i>Katerine<\/i> <i>Rasquin<\/i><i>, Ayudante, estudiante de Qu\u00edmico Agr\u00edcola y Medio Ambiente<br \/>\n<\/i><\/p>\n<p style=\"text-align: justify;\"><i>Hugo do <\/i><i>Carmo<\/i><i>, Ayudante, estudiante de Qu\u00edmico Agr\u00edcola y Medio Ambiente<\/i><\/p>\n<p style=\"text-align: justify;\"><i>Ana Paula Paullier\u00a0Ayudante, estudiante de Qu\u00edmica Fermac\u00e9utica<\/i><\/p>\n<h3 style=\"text-align: justify;\"><\/h3>\n<h3 style=\"text-align: justify;\">Infraestructura<\/h3>\n<p style=\"text-align: justify;\">Tiene caracter\u00edsticas de laboratorio de s\u00edntesis org\u00e1nica, contando con mesadas y campanas de extracci\u00f3n, destiladores, evaporadores rotatorios y otros materiales para desarrollar proyectos en el \u00e1rea de Qu\u00edmica Fina.<\/p>\n<p><a name=\"ANCLA3\"><\/a><\/p>\n<h3 style=\"text-align: justify;\"><\/h3>\n<h3 style=\"text-align: justify;\">L\u00edneas de Investigaci\u00f3n<\/h3>\n<p style=\"text-align: justify;\">Actualmente se desarrollan proyectos vinculados al \u00e1rea de Ecolog\u00eda Qu\u00edmica, disciplina que<b>\u00a0<\/b>estudia el papel de las interacciones qu\u00edmicas entre\u00a0organismos vivos\u00a0y su ambiente. Dichos organismos\u00a0perciben su entorno e interact\u00faan con el mismo mediante se\u00f1ales y claves qu\u00edmicas (semioqu\u00edmicos) que determinan respuestas fisiol\u00f3gicas o comportamentales. La Ecolog\u00eda Qu\u00edmica es un campo de estudios altamente interdisciplinario que estudia estos procesos de comunicaci\u00f3n tanto desde el punto de vista qu\u00edmico como funcional, combinando enfoques b\u00e1sicos y aplicados.<\/p>\n<p style=\"text-align: justify;\">Las plantas producen y emiten compuestos org\u00e1nicos vol\u00e1tiles (VOCs), generalmente son mezclas\u00a0de compuestos como\u00a0terpenos, derivados de \u00e1cidos grasos y arom\u00e1ticos. Los cVOCs sirven a las plantas para: reproducci\u00f3n, atraer polinizadores o dispersores de semillas, como defensa para repeler insectos o detener la colonizaci\u00f3n por bacterias y hongos fitopat\u00f3genos, para atraer enemigos naturales de herb\u00edvoros y como mensajeros intraespec\u00edficos e interespec\u00edficos. Las plantas emiten algunos vol\u00e1tiles especialmente cuando las partes vegetativas se exponen a estimulo abi\u00f3tico o bi\u00f3tico. En nuestro laboratorio se estudian, mediante un abordaje desde la Ecolog\u00eda Qu\u00edmica, herramientas basadas en vol\u00e1tiles de plantas para generar insumos para el manejo de plagas<em>\u00a0<\/em>en productos hort\u00edcolas de la regi\u00f3n.<\/p>\n<p style=\"text-align: justify;\">Por otro lado, se llevan a cabo proyectos\u00a0 con el prop\u00f3sito de desarrollar m\u00e9todos para la selecci\u00f3n de variedades resistentes de productos hort\u00edcolas\u00a0por medio de an\u00e1lisis metabol\u00f3mico basado en <sup>1<\/sup>H RMN.<\/p>\n<p style=\"text-align: justify;\">La metabol\u00f3mica permite la detecci\u00f3n simult\u00e1nea de una amplia gama de compuestos, proporcionando una imagen inmediata del metaboloma de una planta. Uno de los enfoques metabol\u00f3micos m\u00e1s ampliamente utilizados comprende la espectroscopia de resonancia magn\u00e9tica nuclear (RMN) que permite una amplia cobertura del metaboloma, lo que hace que sea especialmente adecuado si no hay un conocimiento previo de los compuestos relacionados con la resistencia a los herb\u00edvoros, y permite un enfoque hol\u00edstico para analizar diferentes compuestos qu\u00edmicos simult\u00e1neamente.<\/p>\n<p style=\"text-align: justify;\">A su vez se han desarrollado proyectos de investigaci\u00f3n en qu\u00edmica agr\u00edcola, vinculados a la preparaci\u00f3n y uso de feromonas de insectos y otros semioqu\u00edmicos para el Manejo Integrado de Plagas de varios cultivos.<\/p>\n<p style=\"text-align: justify;\">Las feromonas son compuestos qu\u00edmicos que los insectos emiten para comunicarse con miembros de su misma especie. Por ejemplo, las feromonas sexuales son sustancias qu\u00edmicas altamente espec\u00edficas que emiten las hembras para su localizaci\u00f3n y apareamiento. Debido a sus propiedades de atracci\u00f3n, las feromonas sexuales de insectos pueden ser utilizadas para el monitoreo y control de plagas que provocan da\u00f1os en los cultivos. Si se conoce la estructura qu\u00edmica de la feromona de alguna plaga especifica, esta feromona puede ser preparada en el laboratorio, y luego colocarse en trampas. El uso de estas trampas en plantaciones atrae a los insectos, donde quedan atrapados, disminuyendo as\u00ed su poblaci\u00f3n y el da\u00f1o en los cultivos. Con el uso de feromonas, es posible disminuir considerablemente el uso de insecticidas qu\u00edmicos en los cultivos, gener\u00e1ndose menos contaminaci\u00f3n.<\/p>\n<h4 style=\"text-align: justify;\">Ventajas del uso de feromonas frente a insecticidas:<\/h4>\n<ul style=\"text-align: justify;\">\n<li>Son biodegradables y no contaminan el ambiente.<\/li>\n<li>Se usan en muy peque\u00f1as cantidades.<\/li>\n<li>Son espec\u00edficas para cada especie, por lo que controlan la poblaci\u00f3n de una \u00fanica especie, evitando matar a otros insectos que podr\u00edan ser beneficiosos, favoreciendo el equilibrio biol\u00f3gico.<\/li>\n<\/ul>\n<p style=\"text-align: justify;\">Para el control de plagas con feromonas sint\u00e9ticas se utiliza el m\u00e9todo de confusi\u00f3n sexual, el cual consiste en dispersar la feromona en el cultivo a trav\u00e9s de dispensadores de liberaci\u00f3n controlada, de manera que los machos no puedan localizar la feromona natural, producida por la hembra, lo que los deja sin posibilidad de aparearse, controlando de esta forma la poblaci\u00f3n.<\/p>\n<p style=\"text-align: justify;\">El laboratorio de Qu\u00edmica Agr\u00edcola se dedica a la preparaci\u00f3n, escalado y evaluaci\u00f3n en campo de estas feromonas, as\u00ed como de varios compuestos defensivos de plantas.<\/p>\n<h3 style=\"text-align: justify;\"><\/h3>\n<h3 style=\"text-align: justify;\">Proyectos<\/h3>\n<ul style=\"text-align: justify;\">\n<li>Caracterizaci\u00f3n de vol\u00e1tiles de genotipos nacionales de frutilla para el manejo de la ara\u00f1uela roja,\u00a0convocatoria CSIC\u00a0I+D, 2022<\/li>\n<li>S\u00edntesis y evaluaci\u00f3n biol\u00f3gica de jasmonoides: potenciales herramientas para el Manejo Integrado de Plagas de alta incidencia econ\u00f3mica, convocatoria CSIC Iniciaci\u00f3n a la investigaci\u00f3n 2015.<\/li>\n<li>Ecolog\u00eda Qu\u00edmica, convocatoria a grupos de I+D, CSIC, 2014.<\/li>\n<li>Feromonas de la chinche del eucalipto, <i>Thaumastocoris<\/i> <i>peregrinus<\/i> y aleloqu\u00edmicos mediadores de relaciones con su planta hospedera y su agente de control biol\u00f3gico, como base para el desarrollo de herramientas de manejo, convocatoria INNOVAGRO ANII 2013.<\/li>\n<li>Producci\u00f3n y evaluaci\u00f3n de feromonas sexuales para el control de tortr\u00edcidos nativos (Lepidoptera: Tortricidae) en frutales de pepita, convocatoria INIA Fondo de Promoci\u00f3n de Tecnolog\u00eda Agropecuaria 2013<\/li>\n<li>S\u00edntesis y escalado de feromonas de plagas de incidencia econ\u00f3mica en el sector agr\u00edcola: Hacia un programa de manejo integrado de plagas, convocatoria CSIC Iniciaci\u00f3n a la investigaci\u00f3n 2012.<\/li>\n<\/ul>\n<h3 style=\"text-align: justify;\"><\/h3>\n<h3 style=\"text-align: justify;\">Publicaciones<\/h3>\n<ul>\n<li><i><i>Parpal, F.; Paullier, A.P.; Pandolfi, E.; Heguaburu V.\u00a0<\/i><\/i><em>Synthesis of pyrethroids and jasmonoids by palladium-catalyzed cross coupling reactions. Synthesis, <strong>2022<\/strong>,<strong>\u00a0<\/strong>54 (11), 2629-2634.\u00a0<\/em><\/li>\n<li><i><a href=\"http:\/\/audioslides.elsevier.com\/\/ViewerSmall.aspx?source=1&amp;doi=10.1016\/j.tetlet.2017.03.053\" target=\"_blank\" rel=\"noopener noreferrer\">Heguaburu, V.; Do Carmo, H.;\u00a0Parpal, F.; Amor\u00f3s, M. E; Gonz\u00e1lez, A.\u00a0Synthesis of aggregation pheromone components of cerambycid species through \u03b1-hydroxylation of alkylketones. Tetrahedron Letters, <b>2017<\/b>, 58, 1738-1741.<\/a><\/i><\/li>\n<li style=\"text-align: justify;\"><a href=\"https:\/\/www.sciencedirect.com\/science\/article\/pii\/S0040403917304446\" target=\"_blank\" rel=\"noopener noreferrer\"><i>Parpal, F.; Pandolfi, E.; Heguaburu V.(\u03c0-Allyl)palladium coupling of 2-(tributylstannyl)cyclopent-<wbr \/>2-enone for the synthesis of jasmonoid analogs<\/i>. <i>Tetrahedron Letters<\/i>, <b>2017<\/b>, 58, 1965-1968.<\/a><\/li>\n<li style=\"text-align: justify;\"><i>Tacain, J.;\u00a0Parpal, F.; Abbate, S.; Silva, H.; Ribeiro, A.; Heguaburu, V.\u00a0Synthesis and Field Evaluation of the Sex Pheromone of Plutella xylostella (L.) (Lepidoptera: Plutellidae) in Canola (Brassica napus L.).<\/i> Agrociencia (Uruguay), <b>2016<\/b>,\u00a0 20, 61 &#8211; 67.<\/li>\n<li style=\"text-align: justify;\"><a href=\"http:\/\/www.eemac.edu.uy\/cangue\/joomdocs\/cangue033_parpal.pdf\">Heguaburu, V.; Parpal, F. Preparaci\u00f3n y uso de feromonas sexuales para el manejo integrado de plagas. <i>Cang\u00fc\u00e9<\/i>, <strong>2013<\/strong>, 33.\u00a0<\/a><\/li>\n<li style=\"text-align: justify;\">Pandolfi, E.;* Schapiro, V.; Heguaburu, V.; Labora, M. Enantioselective synthesis of natural epoxyquinoids.\u00a0<i>Current<\/i> <i>Organic<\/i> <i>Synthesis<\/i>, <strong>2013<\/strong>, <em>10 (1)<\/em>, 2-42.<\/li>\n<\/ul>\n\n\n<\/div>\n","protected":false},"excerpt":{"rendered":"<div class=\"entry-summary\" itemprop=\"text\">\n<p>Integrantes Dra. Florencia Parpal, Prof. Adjunta. Paulina Barrios, estudiante de grado Ex-Integrantes Dra. Viviana Heguaburu, Prof. Adjunta. Katerine Rasquin, Ayudante, estudiante de Qu\u00edmico Agr\u00edcola y Medio Ambiente Hugo do Carmo, Ayudante, estudiante de Qu\u00edmico Agr\u00edcola y Medio Ambiente Ana Paula Paullier\u00a0Ayudante, estudiante de Qu\u00edmica Fermac\u00e9utica Infraestructura Tiene caracter\u00edsticas de laboratorio de s\u00edntesis org\u00e1nica, contando con &#8230;<\/p>\n\n<\/div>\n","protected":false},"author":1,"featured_media":561,"parent":18,"menu_order":0,"comment_status":"closed","ping_status":"closed","template":"","meta":{"footnotes":""},"class_list":["post-199","page","type-page","status-publish","has-post-thumbnail","hentry","entry-lead"],"_links":{"self":[{"href":"https:\/\/dql.cup.edu.uy\/index.php\/wp-json\/wp\/v2\/pages\/199","targetHints":{"allow":["GET"]}}],"collection":[{"href":"https:\/\/dql.cup.edu.uy\/index.php\/wp-json\/wp\/v2\/pages"}],"about":[{"href":"https:\/\/dql.cup.edu.uy\/index.php\/wp-json\/wp\/v2\/types\/page"}],"author":[{"embeddable":true,"href":"https:\/\/dql.cup.edu.uy\/index.php\/wp-json\/wp\/v2\/users\/1"}],"replies":[{"embeddable":true,"href":"https:\/\/dql.cup.edu.uy\/index.php\/wp-json\/wp\/v2\/comments?post=199"}],"version-history":[{"count":23,"href":"https:\/\/dql.cup.edu.uy\/index.php\/wp-json\/wp\/v2\/pages\/199\/revisions"}],"predecessor-version":[{"id":4635,"href":"https:\/\/dql.cup.edu.uy\/index.php\/wp-json\/wp\/v2\/pages\/199\/revisions\/4635"}],"up":[{"embeddable":true,"href":"https:\/\/dql.cup.edu.uy\/index.php\/wp-json\/wp\/v2\/pages\/18"}],"wp:featuredmedia":[{"embeddable":true,"href":"https:\/\/dql.cup.edu.uy\/index.php\/wp-json\/wp\/v2\/media\/561"}],"wp:attachment":[{"href":"https:\/\/dql.cup.edu.uy\/index.php\/wp-json\/wp\/v2\/media?parent=199"}],"curies":[{"name":"wp","href":"https:\/\/api.w.org\/{rel}","templated":true}]}}