{"id":182,"date":"2016-12-01T14:07:45","date_gmt":"2016-12-01T17:07:45","guid":{"rendered":"http:\/\/server.paap.cup.edu.uy\/wordpress_dql\/?page_id=182"},"modified":"2024-03-18T11:15:16","modified_gmt":"2024-03-18T14:15:16","slug":"cursos-de-posgrado","status":"publish","type":"page","link":"https:\/\/dql.cup.edu.uy\/index.php\/ensenanza\/cursos-de-posgrado\/","title":{"rendered":"Cursos de Posgrado"},"content":{"rendered":"<div class=\"entry-content\" itemprop=\"text\">\n<div class=\"su-accordion su-u-trim\">\n<div class=\"su-spoiler su-spoiler-style-default su-spoiler-icon-plus su-spoiler-closed\" data-scroll-offset=\"0\" data-anchor-in-url=\"no\"><div class=\"su-spoiler-title\" tabindex=\"0\" role=\"button\"><span class=\"su-spoiler-icon\"><\/span>Curso Pr\u00e1ctico Avanzado de Elucidaci\u00f3n Estructural por Resonancia Magn\u00e9tica Nuclear (PEDECIBA Qu\u00edmica)<\/div><div class=\"su-spoiler-content su-u-clearfix su-u-trim\">\n<p><b>Objetivo<\/b><\/p>\n<p style=\"text-align: justify;\">En este curso se cubrir\u00e1 el uso de distintas t\u00e9cnicas de espectroscop\u00eda de resonancia magn\u00e9tica nuclear (RMN) en la elucidaci\u00f3n estructural de compuestos org\u00e1nicos. La diferencia con otros cursos con objetivos similares es que se emplear\u00e1n una gran cantidad de ejemplos \u201creales\u201d que ser\u00e1n propuestos por el docente y por los participantes. El fin principal del curso es aprender distintas estrategias a usar en la eluciadaci\u00f3n estructural por RMN, pero tambi\u00e9n adquirir experiencia en todos los aspectos referidos a la asignaci\u00f3n de se\u00f1ales y a la preparaci\u00f3n de los informes correspondientes.<\/p>\n<p style=\"text-align: justify;\"><b>Temas<\/b><b> a <\/b><b>cubrir<\/b><\/p>\n<p style=\"text-align: justify;\">1.Fundamentos de b\u00e1sicos de la RMN.<\/p>\n<p style=\"text-align: justify;\">2.Corrimiento qu\u00edmico y constantes de acoplamiento.<\/p>\n<p style=\"text-align: justify;\">3.M\u00e9todos unidimensionales. RMN 1H y 13C-{1H}. Secuencias de pulsos mas com\u00fanes.<\/p>\n<p style=\"text-align: justify;\">4.M\u00e9todos multidimensionales. Correlaci\u00f3n 1H-1H y 1H-13C. Secuencias de pulsos mas com\u00fanes.<\/p>\n<p style=\"text-align: justify;\">5.\u00bfComo hacemos cuando tenemos todos los datos? Estrategias a usar en eluciadaci\u00f3n.<\/p>\n<p style=\"text-align: justify;\">6.\u00bfY la esteroqu\u00edmica? Correlaciones a trav\u00e9s del espacio, derivados de Mosher, etc.<\/p>\n<p style=\"text-align: justify;\">7.Cada semana se tratara de cubrir un tema y tambi\u00e9n se presentar\u00e1n ejemplos pr\u00e1cticos<\/p>\n<p style=\"text-align: justify;\">8.demostrativos. Luego de cubrir todos los temas b\u00e1sicos, las clases ser\u00e1n puramente practicas y se analizar\u00e1n casos presentados por el docente y\/o por los participantes. <i>En lo <\/i><i>posible<\/i><i> se <\/i><i>utilizar\u00e1n<\/i> <i>problemas<\/i><i> o <\/i><i>ejemplos<\/i> <i>que<\/i> <i>surg\u00e1n<\/i><i> de <\/i><i>distintos<\/i> <i>proyectos<\/i><i> de <\/i><i>investigaci\u00f3n<\/i>.<\/p>\n<p style=\"text-align: justify;\"><b>Duraci\u00f3n<\/b><b>\/<\/b><b>Creditos<\/b><b>\/<\/b><b>Frecuencia<\/b><\/p>\n<p style=\"text-align: justify;\">El curso ser\u00e1 semestral, con un total de aproximadamente 12 semanas de clase y 5 creditos. Comenzar\u00e1 a dictarse en el segundo semestre de 2013 y tendra una frecuencia bienal.<\/p>\n<p style=\"text-align: justify;\"><b>Evaluaci\u00f3n<\/b><\/p>\n<p style=\"text-align: justify;\">Cada alumno preparar\u00e1 un dosier con la asignaci\u00f3n\/elucidaci\u00f3n de todos los compuestos discutidos en clase, tanto los propios como los ajenos. Este ser\u00e1 entregado la ultima semana de clases, y tendr\u00e1 un valor de 60% de la nota del curso. De este dosier se elejir\u00e1 un ejemplo que el alumno presentar\u00e1 al resto de la clase en un formato de seminario. Esta presentaci\u00f3n tendr\u00e1 un valor de 40% de la nota del curso.<\/p>\n<p style=\"text-align: justify;\"><a href=\"https:\/\/dql.cup.edu.uy\/index.php\/ensenanza\/cursos-de-posgrado\/curso-practico-avanzado-rmn\/\">Por m\u00e1s informaci\u00f3n visitar la p\u00e1gina oficial del curso.<\/a><\/p>\n<p style=\"text-align: justify;\"><\/div><\/div>\n<p style=\"text-align: justify;\"><div class=\"su-spoiler su-spoiler-style-default su-spoiler-icon-plus su-spoiler-closed\" data-scroll-offset=\"0\" data-anchor-in-url=\"no\"><div class=\"su-spoiler-title\" tabindex=\"0\" role=\"button\"><span class=\"su-spoiler-icon\"><\/span>Curso Avanzado de Elucidaci\u00f3n Estructural de Carbohidratos (PEDECIBA Qu\u00edmica)<\/div><div class=\"su-spoiler-content su-u-clearfix su-u-trim\">\n<p><strong>Objetivo<\/strong><\/p>\n<p><span lang=\"ES-UY\">Este curso pretende introducir al estudiante a distintas t\u00e9cnicas que se emplean actualmente en la caracterizaci\u00f3n de oligo- y polisac\u00e1ridos, tanto desde el punto de vista de su estructura, conformaci\u00f3n y din\u00e1mica, as\u00ed como tambi\u00e9n su tama\u00f1o y forma. Se mencionar\u00e1n adem\u00e1s t\u00e9cnicas para el estudio de interacciones prote\u00edna-carbohidrato y aspectos b\u00e1sicos de bioinform\u00e1tica para el estudio de informaci\u00f3n gen\u00e9tica relacionada con la bios\u00edntesis de estas biomol\u00e9culas.<\/span><\/p>\n<p><a href=\"https:\/\/dql.cup.edu.uy\/index.php\/ensenanza\/cursos-de-posgrado\/curso_carbohidratos\/\">Por m\u00e1s informaci\u00f3n visitar la p\u00e1gina oficial del curso.<\/a><\/div><\/div>\n<p style=\"text-align: justify;\"><div class=\"su-spoiler su-spoiler-style-default su-spoiler-icon-plus su-spoiler-closed\" data-scroll-offset=\"0\" data-anchor-in-url=\"no\"><div class=\"su-spoiler-title\" tabindex=\"0\" role=\"button\"><span class=\"su-spoiler-icon\"><\/span>Profundizaci\u00f3n en Qu\u00edmica Anal\u00edtica de Pesticidas (PEDECIBA Qu\u00edmica)<\/div><div class=\"su-spoiler-content su-u-clearfix su-u-trim\">\n<p><strong>Objetivo<\/strong><\/p>\n<p>El curso pretende brindar herramientas espec\u00edficas te\u00f3ricas y pr\u00e1cticas para el desarrollo de metodolog\u00edas de preparaci\u00f3n de muestras para el an\u00e1lisis de contaminantes org\u00e1nicos a nivel de trazas utilizando t\u00e9cnicas modernas de espectrometr\u00eda de masas en t\u00e1ndem. Est\u00e1 dirigido a investigadores y estudiantes de posgrado de diferentes \u00e1reas del conocimiento en particular Qu\u00edmica, Bioqu\u00edmica, Biolog\u00eda y Agronom\u00eda.<\/p>\n<p>Por m\u00e1s informaci\u00f3n:\u00a0<a href=\"https:\/\/dql.cup.edu.uy\/wp-content\/uploads\/2016\/12\/Plan-curso-Profundizaci\u00f3n-en-Qu\u00edmica-Anal\u00edtica-de-Pesticidas.pdf\">Plan curso Profundizaci\u00f3n en Qu\u00edmica Anal\u00edtica de Pesticidas<\/a> .<\/div><\/div>\n<p>&nbsp;<\/p>\n<p style=\"text-align: justify;\"><\/div>\n<p>&nbsp;<\/p>\n\n\n<\/div>\n","protected":false},"excerpt":{"rendered":"<div class=\"entry-summary\" itemprop=\"text\">\n<p>&nbsp;<\/p>\n\n<\/div>\n","protected":false},"author":1,"featured_media":548,"parent":15,"menu_order":0,"comment_status":"closed","ping_status":"closed","template":"","meta":{"footnotes":""},"class_list":["post-182","page","type-page","status-publish","has-post-thumbnail","hentry","entry-lead"],"_links":{"self":[{"href":"https:\/\/dql.cup.edu.uy\/index.php\/wp-json\/wp\/v2\/pages\/182","targetHints":{"allow":["GET"]}}],"collection":[{"href":"https:\/\/dql.cup.edu.uy\/index.php\/wp-json\/wp\/v2\/pages"}],"about":[{"href":"https:\/\/dql.cup.edu.uy\/index.php\/wp-json\/wp\/v2\/types\/page"}],"author":[{"embeddable":true,"href":"https:\/\/dql.cup.edu.uy\/index.php\/wp-json\/wp\/v2\/users\/1"}],"replies":[{"embeddable":true,"href":"https:\/\/dql.cup.edu.uy\/index.php\/wp-json\/wp\/v2\/comments?post=182"}],"version-history":[{"count":16,"href":"https:\/\/dql.cup.edu.uy\/index.php\/wp-json\/wp\/v2\/pages\/182\/revisions"}],"predecessor-version":[{"id":4274,"href":"https:\/\/dql.cup.edu.uy\/index.php\/wp-json\/wp\/v2\/pages\/182\/revisions\/4274"}],"up":[{"embeddable":true,"href":"https:\/\/dql.cup.edu.uy\/index.php\/wp-json\/wp\/v2\/pages\/15"}],"wp:featuredmedia":[{"embeddable":true,"href":"https:\/\/dql.cup.edu.uy\/index.php\/wp-json\/wp\/v2\/media\/548"}],"wp:attachment":[{"href":"https:\/\/dql.cup.edu.uy\/index.php\/wp-json\/wp\/v2\/media?parent=182"}],"curies":[{"name":"wp","href":"https:\/\/api.w.org\/{rel}","templated":true}]}}