{"id":18,"date":"2016-11-29T09:55:00","date_gmt":"2016-11-29T12:55:00","guid":{"rendered":"http:\/\/server.paap.cup.edu.uy\/wordpress_dql\/?page_id=18"},"modified":"2017-09-07T15:57:06","modified_gmt":"2017-09-07T18:57:06","slug":"investigacion","status":"publish","type":"page","link":"https:\/\/dql.cup.edu.uy\/index.php\/investigacion\/","title":{"rendered":"Investigaci\u00f3n"},"content":{"rendered":"<div class=\"entry-content\" itemprop=\"text\">\n<p style=\"text-align: justify;\"><div class=\"su-box su-box-style-default\" id=\"\" style=\"border-color:#984b00;border-radius:0px;\"><div class=\"su-box-title\" style=\"background-color:#cb7e22;color:#FFFFFF;border-top-left-radius:0px;border-top-right-radius:0px\">Laboratorios<\/div><div class=\"su-box-content su-u-clearfix su-u-trim\" style=\"border-bottom-left-radius:0px;border-bottom-right-radius:0px\">\n<a href=\"http:\/\/dql.cup.edu.uy\/index.php\/investigacion\/laboratorio-de-analisis-de-compuestos-traza\/\">Laboratorio de An\u00e1lisis de Compuestos Traza <\/a><br \/>\n<a href=\"http:\/\/dql.cup.edu.uy\/index.php\/investigacion\/laboratorio-de-quimica-agricola\/\">Laboratorio de Qu\u00edmica Agr\u00edcola <\/a><br \/>\n<a href=\"http:\/\/dql.cup.edu.uy\/index.php\/investigacion\/laboratorio-de-espectroscopia-y-fisicoquimica-organica\/\">Laboratorio de Espectroscop\u00eda y Fisicoqu\u00edmica Org\u00e1nica<\/a> <\/div><\/div>\n<p style=\"text-align: left;\"><div class=\"su-box su-box-style-default\" id=\"\" style=\"border-color:#984b00;border-radius:0px;\"><div class=\"su-box-title\" style=\"background-color:#cb7e22;color:#FFFFFF;border-top-left-radius:0px;border-top-right-radius:0px\">L\u00edneas de Investigaci\u00f3n<\/div><div class=\"su-box-content su-u-clearfix su-u-trim\" style=\"border-bottom-left-radius:0px;border-bottom-right-radius:0px\"><a href=\"http:\/\/dql.cup.edu.uy\/index.php\/investigacion\/lineas-de-investigacion\/\">M\u00e1s Informaci\u00f3n<\/a><\/div><\/div>\n<p style=\"text-align: left;\"><div class=\"su-box su-box-style-default\" id=\"\" style=\"border-color:#984b00;border-radius:0px;\"><div class=\"su-box-title\" style=\"background-color:#cb7e22;color:#FFFFFF;border-top-left-radius:0px;border-top-right-radius:0px\">Proyectos de Investigaci\u00f3n<\/div><div class=\"su-box-content su-u-clearfix su-u-trim\" style=\"border-bottom-left-radius:0px;border-bottom-right-radius:0px\"><a href=\"http:\/\/dql.cup.edu.uy\/index.php\/investigacion\/proyectos-de-investigacion\/\">M\u00e1s Informaci\u00f3n<\/a><\/div><\/div>\n<p style=\"text-align: left;\"><div class=\"su-box su-box-style-default\" id=\"\" style=\"border-color:#984b00;border-radius:0px;\"><div class=\"su-box-title\" style=\"background-color:#cb7e22;color:#FFFFFF;border-top-left-radius:0px;border-top-right-radius:0px\">Publicaciones<\/div><div class=\"su-box-content su-u-clearfix su-u-trim\" style=\"border-bottom-left-radius:0px;border-bottom-right-radius:0px\"><a href=\"http:\/\/dql.cup.edu.uy\/index.php\/investigacion\/publicaciones\/\">M\u00e1s Informaci\u00f3n<\/a><\/div><\/div>\n\n\n<\/div>\n","protected":false},"excerpt":{"rendered":"","protected":false},"author":1,"featured_media":550,"parent":0,"menu_order":0,"comment_status":"closed","ping_status":"closed","template":"","meta":{"footnotes":""},"class_list":["post-18","page","type-page","status-publish","has-post-thumbnail","hentry","entry-lead"],"_links":{"self":[{"href":"https:\/\/dql.cup.edu.uy\/index.php\/wp-json\/wp\/v2\/pages\/18","targetHints":{"allow":["GET"]}}],"collection":[{"href":"https:\/\/dql.cup.edu.uy\/index.php\/wp-json\/wp\/v2\/pages"}],"about":[{"href":"https:\/\/dql.cup.edu.uy\/index.php\/wp-json\/wp\/v2\/types\/page"}],"author":[{"embeddable":true,"href":"https:\/\/dql.cup.edu.uy\/index.php\/wp-json\/wp\/v2\/users\/1"}],"replies":[{"embeddable":true,"href":"https:\/\/dql.cup.edu.uy\/index.php\/wp-json\/wp\/v2\/comments?post=18"}],"version-history":[{"count":10,"href":"https:\/\/dql.cup.edu.uy\/index.php\/wp-json\/wp\/v2\/pages\/18\/revisions"}],"predecessor-version":[{"id":4702,"href":"https:\/\/dql.cup.edu.uy\/index.php\/wp-json\/wp\/v2\/pages\/18\/revisions\/4702"}],"wp:featuredmedia":[{"embeddable":true,"href":"https:\/\/dql.cup.edu.uy\/index.php\/wp-json\/wp\/v2\/media\/550"}],"wp:attachment":[{"href":"https:\/\/dql.cup.edu.uy\/index.php\/wp-json\/wp\/v2\/media?parent=18"}],"curies":[{"name":"wp","href":"https:\/\/api.w.org\/{rel}","templated":true}]}}