{"id":176,"date":"2016-12-01T14:01:13","date_gmt":"2016-12-01T17:01:13","guid":{"rendered":"http:\/\/server.paap.cup.edu.uy\/wordpress_dql\/?page_id=176"},"modified":"2025-04-04T12:45:43","modified_gmt":"2025-04-04T15:45:43","slug":"tesis-de-posgrado","status":"publish","type":"page","link":"https:\/\/dql.cup.edu.uy\/index.php\/ensenanza\/tesis-de-posgrado\/","title":{"rendered":"Tesis de posgrado"},"content":{"rendered":"<div class=\"entry-content\" itemprop=\"text\">\n<h3>Tesis en curso<\/h3>\n<p style=\"font-weight: 400;\"><strong>Cintya Perdomo<\/strong> &#8211; T\u00edtulo \u201cVenenos de ara\u00f1as teraf\u00f3sidas Uruguayas como potenciales mol\u00e9culas bioactivas leishmanicidas.\u201d Doctorado, Facultad de Qu\u00edmica, Udelar. Directores de tesis: Carolina Fontana, Guzm\u00e1n \u00c1lvarez y Fernando P\u00e9rez-Miles.<\/p>\n<p style=\"font-weight: 400;\"><strong>Emiliana Botto<\/strong> &#8211; T\u00edtulo \u201cCaracterizaci\u00f3n del perfil de glicosilaci\u00f3n de Gonadotropina cori\u00f3nica equina, dise\u00f1o racional de un sistema de expresi\u00f3n en organismo eucariota sencillo y caracterizaci\u00f3n del producto obtenido.\u201d Doctorado, Facultad de Qu\u00edmica, Udelar. Directores de tesis: Sonia Rodr\u00edguez, Carolina Fontana y Cecilia Maldonado.<\/p>\n<p><strong>Gustavo Olivera<\/strong>\u00a0<b>\u2013 <\/b>T\u00edtulo: \u201cContribuci\u00f3n de fajas empastadas demarcatorias de labores en la captura de contaminantes trasportados por escurrimiento superficial.\u201d Maestr\u00eda en Ciencias Agracias, Facultad de Agronom\u00eda, Udelar. Opci\u00f3n Ciencias del suelo. Directores de tesis: Dra. Natalia Besil y Dr. Mario P\u00e9rez.<\/p>\n<p><strong>Pilar Vilar\u00f3<\/strong> \u2013 T\u00edtulo: \u201cObtenci\u00f3n de nuevos materiales a partir de residuos lignocelulosicos utilizando l\u00edquidos i\u00f3nicos.\u201d Doctorado en Qu\u00edmica, Facultad de Qu\u00edmica, Udelar. Director de tesis: Guillermo Moyna.<\/p>\n<p><strong>Santiago Fernandez <\/strong>\u2013 T\u00edtulo: \u201cEstudios fitoqu\u00edmicos y metabol\u00f3micos de Cannabis sativa L. cultivado en Uruguay.\u201d Doctorado en Qu\u00edmica, Facultad de Qu\u00edmica, Udelar. Directores de tesis: Carlos Garc\u00eda y Guillermo Moyna.<\/p>\n<p><strong>Rosana D\u00edaz <\/strong>\u2013 T\u00edtulo: \u201cEstudio de la din\u00e1mica poblacional de <i>Apis mellifera<\/i> y su relaci\u00f3n con la diversidad flor\u00edstica en agroecosistemas con distinta exposici\u00f3n a plaguicidas.\u201d Doctorado en Ciencias Agrarias, Facultad de Agronom\u00eda, Udelar. Directores de tesis: Dr. Horacio Heinzen y Dra. Silvina Niell.<\/p>\n<p><strong>Rossina Figliolo<\/strong> <b>\u2013 <\/b>T\u00edtulo: \u201cUso seguro de hierbas medicinales en Uruguay: aseguramiento de la genuinidad y calidad.\u201d Doctorado en Qu\u00edmica, Facultad de Qu\u00edmica, Udelar. Directores de tesis: Dra. Natalia Besil y Dr. Horacio Heinzen.<\/p>\n<p style=\"text-align: justify;\"><b>Rodrigo Souza \u2013 <\/b>T\u00edtulo: \u201cContribuci\u00f3n a la sustentabilidad e inocuidad en la cadena agr\u00edcola-ganadera, estudio de composici\u00f3n y contaminantes org\u00e1nicos de los productos c\u00e1rnicos y evaluaci\u00f3n de la transferencia de contaminantes en la cadena de producci\u00f3n de los mismos.\u201d Doctorado, Facultad de Qu\u00edmica, Udelar. Directores: Luc\u00eda Pareja, Ver\u00f3nica Cesio y Horacio Heinzen.<\/p>\n<p style=\"text-align: justify;\"><strong>Sof\u00eda Rezende\u00a0\u2013\u00a0<\/strong>T\u00edtulo: \u201cEvaluaci\u00f3n de alternativas verdes para la remediaci\u00f3n de efluentes de la agroindustria conteniendo contaminantes org\u00e1nicos.\u201d Doctorado, Facultad de Qu\u00edmica, Udelar. Directores: Ver\u00f3nica Cesio y Natalia Besil.<\/p>\n<p style=\"text-align: justify;\"><strong>Luc\u00eda Bergalli\u00a0\u2013<\/strong> T\u00edtulo: \u201cAplicaci\u00f3n de m\u00e9todos quimiom\u00e9tricos basados en Resonancia Magn\u00e9tica Nuclear (RMN) a la detecci\u00f3n de patolog\u00edas humanas de dif\u00edcil diagn\u00f3stico\u201d. Posgrado, Facultad de Qu\u00edmica, Udelar. Directores: Guillermo Moyna y Ofelia Noceti.<\/p>\n<p style=\"text-align: justify;\"><strong>Andre\u00edna Blanco \u2013<\/strong> T\u00edtulo: \u201cEnse\u00f1anza de la Qu\u00edmica con estrategias innovadoras para la modelizaci\u00f3n y experimentaci\u00f3n: Nuevos dispositivos y abordajes para la ense\u00f1anza del tema Carbohidratos en Educaci\u00f3n Media Superior\u201d. Maestr\u00eda en Educaci\u00f3n en Qu\u00edmica, Facultad de Qu\u00edmica, Udelar. Directores: Carolina Fontana, Laura Silva y Fernando Ferreira.<\/p>\n<p style=\"text-align: justify;\"><strong>Florencia Puigvert\u00a0\u2013<\/strong> T\u00edtulo: \u201cEvaluaci\u00f3n del efecto de diferentes procesos tecnol\u00f3gicos utilizados en la elaboraci\u00f3n de leche pasteurizada, UHT y en polvo sobre la concentraci\u00f3n final de micotoxinas, residuos de antibi\u00f3ticos y pesticidas\u201d. Maestr\u00eda, Facultad de Veterinaria, Udelar. Directores: Luc\u00eda Pareja, Tom\u00e1s L\u00f3pez y Luc\u00eda Grille.<\/p>\n<p style=\"text-align: justify;\"><strong>Fiamma Peque\u00f1o\u00a0\u2013 <\/strong>T\u00edtulo: \u201cAseguramiento de la inocuidad alimentaria en alimentos m\u00ednimamente procesados\u201d. Doctorado, Facultad de Qu\u00edmica, Udelar. Directores: Natalia Besil, Ver\u00f3nica Cesio y Sof\u00eda Barrios.<\/p>\n<p style=\"text-align: justify;\"><strong>Sylvia Cuchman\u00a0\u2013 <\/strong>T\u00edtulo: \u201c<span lang=\"ES\">Desarrollo de una Metodolog\u00eda para Caracterizar Serogrupos de <i>Escherichia coli<\/i> y dise\u00f1o de una vacuna polisacar\u00eddica prototipo\u201d<\/span>. Doctorado, Facultad de Qu\u00edmica, Udelar. Directores: Carolina Fontana, Ileana Corvo y Patricia Saenz.<\/p>\n<p><strong>Ignacio Migues<\/strong>\u00a0<strong>\u2013 <\/strong>T\u00edtulo: \u201cEstudio de Perfiles Metab\u00f3licos como Herramienta para la Caracterizaci\u00f3n de Mezclas de Compuestos Bioactivos\u201d. Doctorado, Facultad de Qu\u00edmica, Udelar. Directores de tesis: Horacio Heinzen y Guillermo Moyna. <strong>\u00a0<\/strong><\/p>\n<h3>Tesis completadas<\/h3>\n<p><strong><b>Andr\u00e9s L\u00f3pez \u2013 <\/b><\/strong>T\u00edtulo: \u201cDesarrollo de m\u00e9todos quimiom\u00e9tricos basados en Resonancia Magn\u00e9tica Nuclear (RMN) y su aplicaci\u00f3n al estudio de matrices de inter\u00e9s agropecuario.\u201d Doctorado en Qu\u00edmica, 2024. Director: Guillermo Moyna y Pablo Hoijemberg.<\/p>\n<p><strong>Macarena Eugui\u00a0\u2013<\/strong> T\u00edtulo: \u201cS\u00edntesis orientada a la diversidad para la preparaci\u00f3n de s\u00edmiles de productos naturales con potencial actividad biol\u00f3gica\u201d. Doctorado en Qu\u00edmica, 2024. Directores: Guillermo Moyna y Mauricio Cabrera.<\/p>\n<p><strong>Valentina Croce<\/strong> <strong><b>\u2013 <\/b><\/strong>T\u00edtulo: \u201cB\u00fasqueda de Productos Bioactivos Inter\u00e9s Agroindustrial a partir de Cepas de Streptomyces Aisladas en Uruguay\u201d. Doctorado en Qu\u00edmica, 2023. Directores de tesis: Mar\u00eda In\u00e9s Siri, Mar\u00eda Julia Pianzzola, y Guillermo Moyna.<\/p>\n<p><strong>Florencia Jes\u00fas\u00a0<b>\u2013<\/b> <\/strong>T\u00edtulo: \u201cEvaluaci\u00f3n de biomonitores de agroecosistemas que permitan predecir impactos ambientales por el uso de pesticidas\u201d. Maestr\u00eda en Qu\u00edmica, 2022. Directores: Horacio Heinzen y Silvina Niell.<\/p>\n<p><b>Florencia <\/b><b>Parpal<\/b><b> \u2013 <\/b>T\u00edtulo: \u201cS\u00edntesis de jasmonoides para el manejo integrado de plagas.\u201d Doctorado en Qu\u00edmica, 2021. Directores: Viviana Heguaburu y Enrique Pandolfi.<\/p>\n<p><strong>Natalia Besil \u2013<\/strong> T\u00edtulo: \u201cDin\u00e1mica de los Residuos de Pesticidas Empleados en la Cadena Citr\u00edcola\u201d. Doctorado en Qu\u00edmica, 2019. Director: Ver\u00f3nica Cesio y Horacio Heinzen.<\/p>\n<p><strong><span class=\"TextRun SCX129572429\" lang=\"ES-ES\" xml:lang=\"ES-ES\"><span class=\"NormalTextRun SCX129572429\">Silvina <\/span><\/span><span class=\"TextRun SCX129572429\" lang=\"ES-ES\" xml:lang=\"ES-ES\"><span class=\"SpellingError SCX129572429\">Niell\u00a0\u2013\u00a0<\/span><\/span><\/strong><span class=\"TextRun SCX129572429\" lang=\"ES-ES\" xml:lang=\"ES-ES\"><span class=\"NormalTextRun SCX129572429\">T\u00edtulo: \u201cDesarrollo de metodolog\u00edas de monitoreo qu\u00edmico y biol\u00f3gico y de modelos <\/span><\/span><span class=\"TextRun SCX129572429\" lang=\"ES-ES\" xml:lang=\"ES-ES\"><span class=\"SpellingError SCX129572429\">implementables<\/span><\/span><span class=\"TextRun SCX129572429\" lang=\"ES-ES\" xml:lang=\"ES-ES\"><span class=\"NormalTextRun SCX129572429\"> en un paquete inform\u00e1tico con el fin de evaluar riesgos producidos por pesticidas sobre el ambiente y la agricultura.\u201d <\/span><\/span><span class=\"TextRun SCX129572429\" lang=\"ES-ES\" xml:lang=\"ES-ES\"><span class=\"NormalTextRun SCX129572429\">Doctorado en Qu\u00edmica, 2016. <\/span><\/span><span class=\"TextRun SCX129572429\" lang=\"ES-ES\" xml:lang=\"ES-ES\"><span class=\"NormalTextRun SCX129572429\">Directores: <\/span><\/span><span class=\"TextRun SCX129572429\" lang=\"ES-ES\" xml:lang=\"ES-ES\"><span class=\"NormalTextRun SCX129572429\">H\u00e9<\/span><\/span><span class=\"TextRun SCX129572429\" lang=\"ES-ES\" xml:lang=\"ES-ES\"><span class=\"NormalTextRun SCX129572429\">ctor Cancela, Ver\u00f3nica Cesio y <\/span><\/span><span class=\"TextRun SCX129572429\" lang=\"ES-ES\" xml:lang=\"ES-ES\"><span class=\"NormalTextRun SCX129572429\">Horacio <\/span><\/span><span class=\"TextRun SCX129572429\" lang=\"ES-ES\" xml:lang=\"ES-ES\"><span class=\"SpellingError SCX129572429\">Heinzen<\/span><\/span><span class=\"TextRun SCX129572429\" lang=\"ES-ES\" xml:lang=\"ES-ES\"><span class=\"NormalTextRun SCX129572429\">.<\/span><\/span><\/p>\n<p><strong>Elena Alvareda <\/strong><span class=\"TextRun SCX129572429\" lang=\"ES-ES\" xml:lang=\"ES-ES\"><span class=\"SpellingError SCX129572429\">\u2013\u00a0<\/span><\/span><span class=\"TextRun SCX129572429\" lang=\"ES-ES\" xml:lang=\"ES-ES\"><span class=\"NormalTextRun SCX129572429\">T\u00edtulo:<\/span><\/span> \u00abRelaci\u00f3n Estructura-Actividad de Polifenoles: Desarrollo y Aplicaci\u00f3n de T\u00e9cnicas de Farmacolog\u00eda Molecular y Estudios de Uni\u00f3n a Blancos Involucrados en los Mecanismos de Acci\u00f3n\u00bb. <span class=\"TextRun SCX129572429\" lang=\"ES-ES\" xml:lang=\"ES-ES\"><span class=\"NormalTextRun SCX129572429\">Doctorado en Qu\u00edmica, 2016. <\/span><\/span>Directores de tesis: Margot Paulino y Guillermo Moyna.<\/p>\n<p style=\"text-align: justify;\"><b>Marcos <\/b><b>Colazzo<strong>\u00a0\u2013\u00a0<\/strong><\/b>T\u00edtulo: \u201cDesarrollos metodol\u00f3gicos para el estudio compartimental (agua, suelo y peces) de la presencia de residuos de plaguicidas en el R\u00edo Uruguay\u201d. Maestr\u00eda en Qu\u00edmica, 2015. Director: Horacio Heinzen.<\/p>\n<p style=\"text-align: justify;\"><b>Luc\u00eda Pareja<strong>\u00a0\u2013\u00a0<\/strong><\/b>Titulo: \u201cEstudio de residuos de pesticidas en cultivos de arroz de Uruguay por m\u00e9todos anal\u00edticos modernos y evaluaci\u00f3n de procesos fotoqu\u00edmicos para la remediaci\u00f3n de aguas de campo\u201d. Doctorado en Qu\u00edmica, 2012. Directores: Horacio Heinzen, Ver\u00f3nica Cesio y Amadeo R. Fern\u00e1ndez-Alba.<\/p>\n\n\n<\/div>\n","protected":false},"excerpt":{"rendered":"<div class=\"entry-summary\" itemprop=\"text\">\n<p>Tesis en curso Cintya Perdomo &#8211; T\u00edtulo \u201cVenenos de ara\u00f1as teraf\u00f3sidas Uruguayas como potenciales mol\u00e9culas bioactivas leishmanicidas.\u201d Doctorado, Facultad de Qu\u00edmica, Udelar. Directores de tesis: Carolina Fontana, Guzm\u00e1n \u00c1lvarez y Fernando P\u00e9rez-Miles. Emiliana Botto &#8211; T\u00edtulo \u201cCaracterizaci\u00f3n del perfil de glicosilaci\u00f3n de Gonadotropina cori\u00f3nica equina, dise\u00f1o racional de un sistema de expresi\u00f3n en organismo eucariota &#8230;<\/p>\n\n<\/div>\n","protected":false},"author":1,"featured_media":558,"parent":15,"menu_order":0,"comment_status":"closed","ping_status":"closed","template":"","meta":{"footnotes":""},"class_list":["post-176","page","type-page","status-publish","has-post-thumbnail","hentry","entry-lead"],"_links":{"self":[{"href":"https:\/\/dql.cup.edu.uy\/index.php\/wp-json\/wp\/v2\/pages\/176","targetHints":{"allow":["GET"]}}],"collection":[{"href":"https:\/\/dql.cup.edu.uy\/index.php\/wp-json\/wp\/v2\/pages"}],"about":[{"href":"https:\/\/dql.cup.edu.uy\/index.php\/wp-json\/wp\/v2\/types\/page"}],"author":[{"embeddable":true,"href":"https:\/\/dql.cup.edu.uy\/index.php\/wp-json\/wp\/v2\/users\/1"}],"replies":[{"embeddable":true,"href":"https:\/\/dql.cup.edu.uy\/index.php\/wp-json\/wp\/v2\/comments?post=176"}],"version-history":[{"count":31,"href":"https:\/\/dql.cup.edu.uy\/index.php\/wp-json\/wp\/v2\/pages\/176\/revisions"}],"predecessor-version":[{"id":4701,"href":"https:\/\/dql.cup.edu.uy\/index.php\/wp-json\/wp\/v2\/pages\/176\/revisions\/4701"}],"up":[{"embeddable":true,"href":"https:\/\/dql.cup.edu.uy\/index.php\/wp-json\/wp\/v2\/pages\/15"}],"wp:featuredmedia":[{"embeddable":true,"href":"https:\/\/dql.cup.edu.uy\/index.php\/wp-json\/wp\/v2\/media\/558"}],"wp:attachment":[{"href":"https:\/\/dql.cup.edu.uy\/index.php\/wp-json\/wp\/v2\/media?parent=176"}],"curies":[{"name":"wp","href":"https:\/\/api.w.org\/{rel}","templated":true}]}}