{"id":15,"date":"2016-11-29T09:54:35","date_gmt":"2016-11-29T12:54:35","guid":{"rendered":"http:\/\/server.paap.cup.edu.uy\/wordpress_dql\/?page_id=15"},"modified":"2017-09-07T15:53:55","modified_gmt":"2017-09-07T18:53:55","slug":"ensenanza","status":"publish","type":"page","link":"https:\/\/dql.cup.edu.uy\/index.php\/ensenanza\/","title":{"rendered":"Ense\u00f1anza"},"content":{"rendered":"<div class=\"entry-content\" itemprop=\"text\">\n<h3><b><img loading=\"lazy\" decoding=\"async\" class=\"alignnone wp-image-570 size-full\" src=\"http:\/\/server.paap.cup.edu.uy\/wordpress_dql\/wp-content\/uploads\/2016\/11\/3.1-1.jpg\" alt=\"\" width=\"1440\" height=\"419\" srcset=\"https:\/\/dql.cup.edu.uy\/wp-content\/uploads\/2016\/11\/3.1-1.jpg 1440w, https:\/\/dql.cup.edu.uy\/wp-content\/uploads\/2016\/11\/3.1-1-300x87.jpg 300w, https:\/\/dql.cup.edu.uy\/wp-content\/uploads\/2016\/11\/3.1-1-768x223.jpg 768w, https:\/\/dql.cup.edu.uy\/wp-content\/uploads\/2016\/11\/3.1-1-1024x298.jpg 1024w, https:\/\/dql.cup.edu.uy\/wp-content\/uploads\/2016\/11\/3.1-1-640x186.jpg 640w\" sizes=\"auto, (max-width: 1440px) 100vw, 1440px\" \/><br \/>\nEnse\u00f1anza de grado<\/b><\/h3>\n<div class=\"su-spacer\" style=\"height:20px\"><\/div>\n<div class=\"su-box su-box-style-default\" id=\"\" style=\"border-color:#984b00;border-radius:0px;\"><div class=\"su-box-title\" style=\"background-color:#cb7e22;color:#FFFFFF;border-top-left-radius:0px;border-top-right-radius:0px\">Qu\u00edmico Orientaci\u00f3n Agr\u00edcola y Medio Ambiente<\/div><div class=\"su-box-content su-u-clearfix su-u-trim\" style=\"border-bottom-left-radius:0px;border-bottom-right-radius:0px\">Informaci\u00f3n sobre la carrera de Qu\u00edmico Orientaci\u00f3n Agr\u00edcola y Medio Ambiente que se dicta actualmente en el CENUR Litoral Norte.\u00a0<a href=\"http:\/\/dql.cup.edu.uy\/index.php\/ensenanza\/quimico-orientacion-agricola-y-medio-ambiente\/\">M\u00e1s informaci\u00f3n<\/a> <\/div><\/div>\n<div class=\"su-box su-box-style-default\" id=\"\" style=\"border-color:#984b00;border-radius:0px;\"><div class=\"su-box-title\" style=\"background-color:#cb7e22;color:#FFFFFF;border-top-left-radius:0px;border-top-right-radius:0px\">Licenciatura en Qu\u00edmica<\/div><div class=\"su-box-content su-u-clearfix su-u-trim\" style=\"border-bottom-left-radius:0px;border-bottom-right-radius:0px\">Informaci\u00f3n sobre la licenciatura en Qu\u00edmica que se puede cursar en el CENUR Litoral Norte.\u00a0<a href=\"http:\/\/dql.cup.edu.uy\/index.php\/ensenanza\/licenciatura-en-quimica\/\">M\u00e1s informaci\u00f3n<\/a> <\/div><\/div>\n<div class=\"su-box su-box-style-default\" id=\"\" style=\"border-color:#984b00;border-radius:0px;\"><div class=\"su-box-title\" style=\"background-color:#cb7e22;color:#FFFFFF;border-top-left-radius:0px;border-top-right-radius:0px\">Cursos de Grado<\/div><div class=\"su-box-content su-u-clearfix su-u-trim\" style=\"border-bottom-left-radius:0px;border-bottom-right-radius:0px\">Informaci\u00f3n sobre cursos que se dictan actualmente en el DQL.\u00a0<a href=\"http:\/\/dql.cup.edu.uy\/index.php\/ensenanza\/cursos-de-grado\/\">M\u00e1s informaci\u00f3n<\/a> <\/div><\/div>\n<div class=\"su-box su-box-style-default\" id=\"\" style=\"border-color:#984b00;border-radius:0px;\"><div class=\"su-box-title\" style=\"background-color:#cb7e22;color:#FFFFFF;border-top-left-radius:0px;border-top-right-radius:0px\">Trabajos experimentales<\/div><div class=\"su-box-content su-u-clearfix su-u-trim\" style=\"border-bottom-left-radius:0px;border-bottom-right-radius:0px\"><a href=\"http:\/\/dql.cup.edu.uy\/index.php\/ensenanza\/trabajos-experimentales\/\">M\u00e1s informaci\u00f3n<\/a> <\/div><\/div>\n<h3><b>Ense\u00f1anza de posgrado<\/b><\/h3>\n<div class=\"su-spacer\" style=\"height:20px\"><\/div>\n<div class=\"su-box su-box-style-default\" id=\"\" style=\"border-color:#984b00;border-radius:0px;\"><div class=\"su-box-title\" style=\"background-color:#cb7e22;color:#FFFFFF;border-top-left-radius:0px;border-top-right-radius:0px\">Tesis de Posgrado<\/div><div class=\"su-box-content su-u-clearfix su-u-trim\" style=\"border-bottom-left-radius:0px;border-bottom-right-radius:0px\">Informaci\u00f3n sobre las tesis de posgrado que actualmente se llevan a cabo en el DQL. <a href=\"http:\/\/dql.cup.edu.uy\/index.php\/ensenanza\/tesis-de-posgrado\/\">M\u00e1s informaci\u00f3n<\/a> <\/div><\/div>\n<div class=\"su-box su-box-style-default\" id=\"\" style=\"border-color:#984b00;border-radius:0px;\"><div class=\"su-box-title\" style=\"background-color:#cb7e22;color:#FFFFFF;border-top-left-radius:0px;border-top-right-radius:0px\">Cursos de Posgrado<\/div><div class=\"su-box-content su-u-clearfix su-u-trim\" style=\"border-bottom-left-radius:0px;border-bottom-right-radius:0px\">Informaci\u00f3n sobre cursos de posgrado que se dictan en el DQL. <a href=\"http:\/\/dql.cup.edu.uy\/index.php\/ensenanza\/cursos-de-posgrado\/\">M\u00e1s informaci\u00f3n<\/a> <\/div><\/div>\n<p><span style=\"border-radius: 2px; text-indent: 20px; width: auto; padding: 0px 4px 0px 0px; text-align: center; font: bold 11px\/20px 'Helvetica Neue',Helvetica,sans-serif; color: #ffffff; background: #bd081c no-repeat scroll 3px 50% \/ 14px 14px; position: absolute; opacity: 1; z-index: 8675309; display: none; cursor: pointer;\">Guardar<\/span><\/p>\n\n\n<\/div>\n","protected":false},"excerpt":{"rendered":"<div class=\"entry-summary\" itemprop=\"text\">\n<p>Ense\u00f1anza de grado Ense\u00f1anza de posgrado Guardar<\/p>\n\n<\/div>\n","protected":false},"author":1,"featured_media":0,"parent":0,"menu_order":0,"comment_status":"closed","ping_status":"closed","template":"","meta":{"footnotes":""},"class_list":["post-15","page","type-page","status-publish","hentry","entry-lead"],"_links":{"self":[{"href":"https:\/\/dql.cup.edu.uy\/index.php\/wp-json\/wp\/v2\/pages\/15","targetHints":{"allow":["GET"]}}],"collection":[{"href":"https:\/\/dql.cup.edu.uy\/index.php\/wp-json\/wp\/v2\/pages"}],"about":[{"href":"https:\/\/dql.cup.edu.uy\/index.php\/wp-json\/wp\/v2\/types\/page"}],"author":[{"embeddable":true,"href":"https:\/\/dql.cup.edu.uy\/index.php\/wp-json\/wp\/v2\/users\/1"}],"replies":[{"embeddable":true,"href":"https:\/\/dql.cup.edu.uy\/index.php\/wp-json\/wp\/v2\/comments?post=15"}],"version-history":[{"count":16,"href":"https:\/\/dql.cup.edu.uy\/index.php\/wp-json\/wp\/v2\/pages\/15\/revisions"}],"predecessor-version":[{"id":1450,"href":"https:\/\/dql.cup.edu.uy\/index.php\/wp-json\/wp\/v2\/pages\/15\/revisions\/1450"}],"wp:attachment":[{"href":"https:\/\/dql.cup.edu.uy\/index.php\/wp-json\/wp\/v2\/media?parent=15"}],"curies":[{"name":"wp","href":"https:\/\/api.w.org\/{rel}","templated":true}]}}