{"id":128,"date":"2016-12-01T11:30:23","date_gmt":"2016-12-01T14:30:23","guid":{"rendered":"http:\/\/server.paap.cup.edu.uy\/wordpress_dql\/?page_id=128"},"modified":"2026-02-12T14:22:14","modified_gmt":"2026-02-12T17:22:14","slug":"quimico-orientacion-agricola-y-medio-ambiente","status":"publish","type":"page","link":"https:\/\/dql.cup.edu.uy\/index.php\/ensenanza\/quimico-orientacion-agricola-y-medio-ambiente\/","title":{"rendered":"Qu\u00edmico Orientaci\u00f3n Agr\u00edcola y Medio Ambiente"},"content":{"rendered":"<div class=\"entry-content\" itemprop=\"text\">\n<p style=\"text-align: justify;\">El <b>Qu\u00edmico<\/b> es el profesional cuyo perfil combina s\u00f3lidos conocimientos en todas las \u00e1reas de la qu\u00edmica (anal\u00edtica, biol\u00f3gica, fisicoqu\u00edmica, inorg\u00e1nica, org\u00e1nica, etc.) tanto en sus aspectos fundamentales como tecnol\u00f3gicos, as\u00ed como tambi\u00e9n conocimientos adecuados de desarrollo de negocios y gesti\u00f3n empresarial que lo habiliten profesionalmente a crear o dirigir empresas productoras de bienes o servicios relacionados con todas las \u00e1reas de la qu\u00edmica.<\/p>\n<p><i>\u00a0<\/i>La carrera de <b>Qu\u00edmico<\/b> ofrece t\u00edtulos con diferentes orientaciones:<\/p>\n<ul>\n<li>Agr\u00edcola y Medio Ambiente<\/li>\n<li>Calidad<\/li>\n<li>Materiales<\/li>\n<\/ul>\n<p style=\"text-align: justify;\">La carrera de Qu\u00edmico, en sus tres orientaciones, se dicta desde el a\u00f1o 2000 en la Facultad de Qu\u00edmica (Montevideo). Desde el a\u00f1o 2013 la totalidad de la carrera de <b>Qu\u00edmico orientaci\u00f3n Agr\u00edcola y Medio Ambiente <\/b>se puede cursar en el Centro Universitario Regional Litoral Norte, con la Facultad de Qu\u00edmica como Referencia Acad\u00e9mica. Asimismo, gran parte del trayecto de las carreras de Qu\u00edmico orientaci\u00f3n\u00a0 Calidad y Materiales tambi\u00e9n se pueden cursar en el CENUR Litoral Norte.<\/p>\n<p style=\"text-align: justify;\">La orientaci\u00f3n <b>agr\u00edcola y medio ambiente<\/b> pretende ser un aporte a la modernizaci\u00f3n del agro, un aspecto fundamental en el desarrollo del pa\u00eds. El estudiante se formar\u00e1 en diversos aspectos de la qu\u00edmica aplicada al agro, como por ejemplo, optimizar el aprovechamiento de los productos del campo mediante la agroindustria, el control de plagas, la preservaci\u00f3n de cosechas, etc.<\/p>\n<p style=\"text-align: justify;\">El Qu\u00edmico Agr\u00edcola y Medioambiental, crea un espacio de actuaci\u00f3n totalmente nuevo y es adem\u00e1s un apoyo a las profesiones relacionadas con la actividad agropecuaria ya existentes, el Ingeniero Agr\u00f3nomo, y el M\u00e9dico Veterinario. En su desempe\u00f1o profesional est\u00e1 capacitado para analizar, interpretar e investigar los factores qu\u00edmicos, f\u00edsicos, biol\u00f3gicos y microbiol\u00f3gicos relevantes para la producci\u00f3n agropecuaria y el medio ambiente.<\/p>\n<p><img loading=\"lazy\" decoding=\"async\" class=\"aligncenter wp-image-4524 size-large\" src=\"https:\/\/dql.cup.edu.uy\/wp-content\/uploads\/2024\/10\/Poster-carrera-90x120-1-768x1024.png\" alt=\"\" width=\"640\" height=\"853\" srcset=\"https:\/\/dql.cup.edu.uy\/wp-content\/uploads\/2024\/10\/Poster-carrera-90x120-1-768x1024.png 768w, https:\/\/dql.cup.edu.uy\/wp-content\/uploads\/2024\/10\/Poster-carrera-90x120-1-225x300.png 225w, https:\/\/dql.cup.edu.uy\/wp-content\/uploads\/2024\/10\/Poster-carrera-90x120-1-1152x1536.png 1152w, https:\/\/dql.cup.edu.uy\/wp-content\/uploads\/2024\/10\/Poster-carrera-90x120-1-1536x2048.png 1536w, https:\/\/dql.cup.edu.uy\/wp-content\/uploads\/2024\/10\/Poster-carrera-90x120-1.png 1701w\" sizes=\"auto, (max-width: 640px) 100vw, 640px\" \/><\/p>\n<div class=\"su-accordion su-u-trim\"><div class=\"su-spoiler su-spoiler-style-default su-spoiler-icon-plus su-spoiler-closed\" data-scroll-offset=\"0\" data-anchor-in-url=\"no\"><div class=\"su-spoiler-title\" tabindex=\"0\" role=\"button\"><span class=\"su-spoiler-icon\"><\/span><b>Perfil del Egresado<\/b><\/div><div class=\"su-spoiler-content su-u-clearfix su-u-trim\">\n<p>El <b>Qu\u00edmico<\/b> estar\u00e1 capacitado para trabajar en todas las \u00e1reas de la qu\u00edmica con el objeto de:<\/p>\n<ul>\n<li>desarrollar o mejorar productos de aplicaci\u00f3n industrial, agropecuaria, alimentaria y medioambiental.<\/li>\n<li>desarrollar, seleccionar, adaptar y mantener tecnolog\u00edas de s\u00edntesis, bios\u00edntesis, an\u00e1lisis y gesti\u00f3n de calidad de productos clasificables en las \u00e1reas qu\u00edmicas y anexas.<\/li>\n<li>dise\u00f1ar, instalar, operar y dirigir laboratorios de an\u00e1lisis dedicados a la identificaci\u00f3n, caracterizaci\u00f3n, cuantificaci\u00f3n y control de calidad de productos que sean de relevancia industrial, agropecuaria, alimentaria, legal o medioambiental.<\/li>\n<li>actuar como asesor, consultor y perito en las \u00e1reas qu\u00edmicas y anexas.<\/li>\n<li>operar, controlar, dirigir y crear empresas donde los conocimientos en las \u00e1reas qu\u00edmicas y anexas constituyan uno de los factores principales en sus procesos de producci\u00f3n.<\/li>\n<\/ul>\n<\/div><\/div><div class=\"su-spoiler su-spoiler-style-default su-spoiler-icon-plus su-spoiler-closed\" data-scroll-offset=\"0\" data-anchor-in-url=\"no\"><div class=\"su-spoiler-title\" tabindex=\"0\" role=\"button\"><span class=\"su-spoiler-icon\"><\/span><b>Inserci\u00f3n Laboral<\/b><\/div><div class=\"su-spoiler-content su-u-clearfix su-u-trim\">\n<p>Su actividad se desarrolla tanto en el sector p\u00fablico (en dependencias que tienen injerencia en el campo) como en el sector privado (en industrias relacionadas con alimentos procesados, fundamentalmente cuando la materia prima proviene del campo), o en forma independiente realizando asesor\u00edas, an\u00e1lisis de (suelos, aguas y nutrientes), control de plagas, entre otros.<\/p>\n<p>Como toda carrera universitaria, las oportunidades de docencia, investigaci\u00f3n y extensi\u00f3n est\u00e1n abiertas, no solo en la Universidad sino tambi\u00e9n en instituciones p\u00fablicas como el MGAP, el INIA, el DiLaVe, DINAMA, DINARA entre otros, abri\u00e9ndose la posibilidad de realizar adem\u00e1s, estudios a nivel de posgrado.<\/p>\n<\/div><\/div><div class=\"su-spoiler su-spoiler-style-default su-spoiler-icon-plus su-spoiler-closed\" data-scroll-offset=\"0\" data-anchor-in-url=\"no\"><div class=\"su-spoiler-title\" tabindex=\"0\" role=\"button\"><span class=\"su-spoiler-icon\"><\/span><b>Plan de Estudios<\/b><\/div><div class=\"su-spoiler-content su-u-clearfix su-u-trim\">\n<p>La carrera de tiene una duraci\u00f3n nominal de 5 a\u00f1os (distribu\u00eddos en 10 semestres), y el programa est\u00e1 estructurado en base a cr\u00e9ditos:<\/p>\n<ul>\n<li>Otorga una carga curricular m\u00ednima exigible por \u00e1rea tem\u00e1tica (Qu\u00edmica, F\u00edsica-Matem\u00e1tica, Negocios).<\/li>\n<li>Una segunda \u00e1rea con los cr\u00e9ditos espec\u00edficos de la especializaci\u00f3n Qu\u00edmica Agr\u00edcola y Medio Ambiental.<\/li>\n<li>Finalmente un grupo importante de cr\u00e9ditos para la realizaci\u00f3n de materias electivas que son las que dar\u00e1n el perfil final al egresado.<\/li>\n<\/ul>\n<p>La exigencia acad\u00e9mica para acceder al t\u00edtulo de <b>Qu\u00edmico orientaci\u00f3n Agr\u00edcola y Medio Ambiente (Plan 2015)<\/b> ser\u00e1 la obtenci\u00f3n de 450 cr\u00e9ditos totales, distribu\u00eddos de la siguiente manera:<\/p>\n<ul>\n<li>331 cr\u00e9ditos de asignaturas obligatorias establecidas por el Consejo de la Facultad de Qu\u00edmica,<\/li>\n<li>64 cr\u00e9ditos de signaturas optativas y\/o electivas.<\/li>\n<li>55 cr\u00e9ditos corresponder\u00e1n a la realizaci\u00f3n de un <a href=\"https:\/\/dql.cup.edu.uy\/index.php\/2024\/08\/30\/practicantado\/\"><strong>Practicantado<\/strong><\/a> espec\u00edfico al final de la Carrera.<\/li>\n<\/ul>\n<p>El <b>primer a\u00f1o de la carrera <\/b>se puede cursar en el CENUR Litoral Norte \u2013 Sede Salto y Sede Paysand\u00fa (ya sea inscribi\u00e9ndose en la bedel\u00eda de Salto directamente a la carrera de la Facultad de Qu\u00edmica o a trav\u00e9s del CIO CT) o en la Facultad de Qu\u00edmica (FQ) &#8211; Montevideo (primer a\u00f1o de la Carrera de Qu\u00edmico). Los siguientes cuatro a\u00f1os se pueden cursar en el Departamento de Qu\u00edmica del Litoral ubicado en la estaci\u00f3n experimental Dr. Mario A. Cassinoni.<\/p>\n<p><a href=\"https:\/\/dql.cup.edu.uy\/wp-content\/uploads\/2026\/02\/Damero_QAM_CENUR_2026.pdf\">D\u00e1mero_QAM_CENUR<\/a><\/p>\n<\/div><\/div><div class=\"su-spoiler su-spoiler-style-default su-spoiler-icon-plus su-spoiler-closed\" data-scroll-offset=\"0\" data-anchor-in-url=\"no\"><div class=\"su-spoiler-title\" tabindex=\"0\" role=\"button\"><span class=\"su-spoiler-icon\"><\/span><b>Requisitos de Ingreso<\/b><\/div><div class=\"su-spoiler-content su-u-clearfix su-u-trim\">\n<p><strong>Bachilleratos Diversificado de Secundaria:<\/strong><\/p>\n<ul>\n<li>Orientaci\u00f3n Cient\u00edfica, opci\u00f3n Ingenier\u00eda<\/li>\n<li>Orientaci\u00f3n Biol\u00f3gica, opci\u00f3n Medicina<\/li>\n<li>Orientaci\u00f3n Biol\u00f3gica, opci\u00f3n Agronom\u00eda<\/li>\n<li>Bachillerato Bicultural del Liceo Alem\u00e1n<\/li>\n<li>Bachillerato Diversificado Cient\u00edfico, orientaci\u00f3n F\u00edsico-Matem\u00e1tica (Reformulaci\u00f3n 2006)<\/li>\n<li>Bachillerato Diversificado Cient\u00edfico, orientaci\u00f3n Ciencias Biol\u00f3gicas (Reformulaci\u00f3n 2006)<\/li>\n<li>Bachillerato Diversificado Cient\u00edfico, orientaci\u00f3n, Ciencias Agrarias (Reformulaci\u00f3n 2006)<\/li>\n<li>Bachillerato Ciencias de la Vida y Salud: opci\u00f3n Salud y Deporte<\/li>\n<li>Bachillerato Ciencias de la Vida y Salud: opci\u00f3n Recursos Naturales y Medio Ambiente.<b>\u00a0<\/b><\/li>\n<\/ul>\n<p>Se acepta la inscripci\u00f3n condicional de estudiantes con una materia previa, la que deber\u00e1 ser aprobada con anterioridad al primer per\u00edodo de parciales de las asignaturas correspondientes al primer semestre de primer a\u00f1o.<b>\u00a0<\/b><\/p>\n<p><strong>Egresados de otros bachilleratos de Secundaria que acrediten una carga horaria m\u00ednima en las siguientes asignaturas:<\/strong><\/p>\n<ul>\n<li>F\u00edsica: 4 hrs\/sem<\/li>\n<li>Matem\u00e1tica: 6 hrs\/sem<\/li>\n<li>Qu\u00edmica: 6 hrs\/sem<b>\u00a0<\/b><\/li>\n<\/ul>\n<p><strong>Egresados de los Bachilleratos Tecnol\u00f3gico de la U.T.U.<\/strong><\/p>\n<p><strong>Todo estudiante de la Universidad de la Rep\u00fablica<\/strong>, independientemente del Bachillerato que tenga aprobado, que hubieren aprobado un a\u00f1o de estudios en la UdelaR, incluyendo los ex\u00e1menes correspondientes a 80 cr\u00e9ditos.<\/p>\n<\/div><\/div><div class=\"su-spoiler su-spoiler-style-default su-spoiler-icon-plus su-spoiler-closed\" data-scroll-offset=\"0\" data-anchor-in-url=\"no\"><div class=\"su-spoiler-title\" tabindex=\"0\" role=\"button\"><span class=\"su-spoiler-icon\"><\/span><b>Inscripciones<\/b><\/div><div class=\"su-spoiler-content su-u-clearfix su-u-trim\">\n<p><a href=\"https:\/\/dql.cup.edu.uy\/index.php\/ensenanza\/primer-ano-fq\/\"><strong>Inscripciones 2026<\/strong><\/a><\/p>\n<\/div><\/div><div class=\"su-spoiler su-spoiler-style-default su-spoiler-icon-plus su-spoiler-closed\" data-scroll-offset=\"0\" data-anchor-in-url=\"no\"><div class=\"su-spoiler-title\" tabindex=\"0\" role=\"button\"><span class=\"su-spoiler-icon\"><\/span><b>Consultas generales<\/b><\/div><div class=\"su-spoiler-content su-u-clearfix su-u-trim\">Por consultas referentes a la carrera en Paysand\u00fa escribir a: <a href=\"&#x6d;&#x61;&#105;&#108;t&#x6f;&#x3a;&#x63;&#111;&#111;r&#x64;&#x69;&#x6e;&#97;&#99;i&#x6f;&#x6e;&#x51;&#65;&#77;&#64;&#x6c;&#x69;&#x74;&#111;ra&#x6c;&#x6e;&#x6f;&#114;te&#x2e;&#x75;&#100;&#101;la&#x72;&#x2e;&#101;&#100;u&#46;&#x75;&#x79;\" target=\"_blank\" rel=\"noopener noreferrer\">&#x63;&#x6f;&#x6f;&#x72;&#x64;&#x69;&#x6e;&#97;&#99;&#105;&#111;&#110;QAM&#64;&#x6c;&#x69;&#x74;&#x6f;&#x72;&#x61;&#x6c;&#x6e;&#111;&#114;&#116;&#101;&#46;udel&#x61;&#x72;&#x2e;&#x65;&#x64;&#x75;&#x2e;&#117;&#121;<\/a><\/div><\/div><\/div>\n\n\n\n\n\n\n\n<\/div>\n","protected":false},"excerpt":{"rendered":"<div class=\"entry-summary\" itemprop=\"text\">\n<p>El Qu\u00edmico es el profesional cuyo perfil combina s\u00f3lidos conocimientos en todas las \u00e1reas de la qu\u00edmica (anal\u00edtica, biol\u00f3gica, fisicoqu\u00edmica, inorg\u00e1nica, org\u00e1nica, etc.) tanto en sus aspectos fundamentales como tecnol\u00f3gicos, as\u00ed como tambi\u00e9n conocimientos adecuados de desarrollo de negocios y gesti\u00f3n empresarial que lo habiliten profesionalmente a crear o dirigir empresas productoras de bienes o &#8230;<\/p>\n\n<\/div>\n","protected":false},"author":1,"featured_media":3562,"parent":15,"menu_order":0,"comment_status":"closed","ping_status":"closed","template":"","meta":{"footnotes":""},"class_list":["post-128","page","type-page","status-publish","has-post-thumbnail","hentry","entry-lead"],"_links":{"self":[{"href":"https:\/\/dql.cup.edu.uy\/index.php\/wp-json\/wp\/v2\/pages\/128","targetHints":{"allow":["GET"]}}],"collection":[{"href":"https:\/\/dql.cup.edu.uy\/index.php\/wp-json\/wp\/v2\/pages"}],"about":[{"href":"https:\/\/dql.cup.edu.uy\/index.php\/wp-json\/wp\/v2\/types\/page"}],"author":[{"embeddable":true,"href":"https:\/\/dql.cup.edu.uy\/index.php\/wp-json\/wp\/v2\/users\/1"}],"replies":[{"embeddable":true,"href":"https:\/\/dql.cup.edu.uy\/index.php\/wp-json\/wp\/v2\/comments?post=128"}],"version-history":[{"count":62,"href":"https:\/\/dql.cup.edu.uy\/index.php\/wp-json\/wp\/v2\/pages\/128\/revisions"}],"predecessor-version":[{"id":4962,"href":"https:\/\/dql.cup.edu.uy\/index.php\/wp-json\/wp\/v2\/pages\/128\/revisions\/4962"}],"up":[{"embeddable":true,"href":"https:\/\/dql.cup.edu.uy\/index.php\/wp-json\/wp\/v2\/pages\/15"}],"wp:featuredmedia":[{"embeddable":true,"href":"https:\/\/dql.cup.edu.uy\/index.php\/wp-json\/wp\/v2\/media\/3562"}],"wp:attachment":[{"href":"https:\/\/dql.cup.edu.uy\/index.php\/wp-json\/wp\/v2\/media?parent=128"}],"curies":[{"name":"wp","href":"https:\/\/api.w.org\/{rel}","templated":true}]}}