{"id":1208,"date":"2017-08-02T18:44:23","date_gmt":"2017-08-02T21:44:23","guid":{"rendered":"http:\/\/server.paap.cup.edu.uy\/wordpress_dql\/?page_id=1208"},"modified":"2026-02-04T11:26:10","modified_gmt":"2026-02-04T14:26:10","slug":"primer-ano-fq","status":"publish","type":"page","link":"https:\/\/dql.cup.edu.uy\/index.php\/ensenanza\/primer-ano-fq\/","title":{"rendered":"Primer A\u00f1o FQ"},"content":{"rendered":"<div class=\"entry-content\" itemprop=\"text\">\n<p><!--\n\n\n<h3>Informaci\u00f3n para los estudiantes de Facultad de Qu\u00edmica, que cursan\u00a0primer a\u00f1o en Salto<\/h3>\n\n\nComunicarse con la Comisi\u00f3n de seguimiento de estudiantes.\n\n<a href=\"&#x6d;&#97;&#105;&#x6c;&#x74;&#111;&#58;&#x63;&#x73;&#101;&#100;&#x71;&#x6c;&#64;&#103;&#x6d;&#x61;&#105;&#108;&#x2e;&#x63;&#111;&#109;\" target=\"_blank\" rel=\"noopener noreferrer\">&#x63;&#x73;&#101;dq&#x6c;&#x40;&#103;&#109;a&#x69;&#x6c;&#46;&#99;o&#x6d;<\/a>\n\n&nbsp;\n\n--><\/p>\n<h3>Podes inscribirte y cursar 1er a\u00f1o en Salto o Paysand\u00fa de las siguientes carreras de Facultad de Qu\u00edmica:<\/h3>\n<p>-Qu\u00edmico Agr\u00edcola y Medio Ambiente (carrera completa en Paysand\u00fa)<\/p>\n<p>-Bioqu\u00edmico Cl\u00ednico<\/p>\n<p>-Ingenier\u00eda Qu\u00edmica<\/p>\n<p>-Ingenier\u00eda en Alimentos<\/p>\n<p>-Qu\u00edmico Farmac\u00e9utico<\/p>\n<p>-Licenciatura en Qu\u00edmica (se puede cursar la totalidad de los cursos en Paysand\u00fa)<\/p>\n<p>-Bachiller en Qu\u00edmica\u00a0(carrera completa en Paysand\u00fa)<\/p>\n<p>-Licenciatura en Tecnolog\u00edas de la Qu\u00edmica (NUEVA)<\/p>\n<h3><span style=\"color: #ff0000;\">Inscripciones a primer a\u00f1o 2026<\/span><\/h3>\n<p>El Consejo del Centro Universitario Regional (Cenur) Litoral Norte defini\u00f3 que el per\u00edodo de inscripciones se extender\u00e1 del <strong>4 al 24 de febrero de 2026<\/strong><\/p>\n<p><strong>1. Obt\u00e9n tu identidad digital<\/strong><\/p>\n<div class=\"gridContainer\">\n<p>Tu identidad digital la puede obtener de forma gratuita por estas v\u00edas:<\/p>\n<\/div>\n<div class=\"gridContainer\">\n<ul>\n<li><strong>Usuario Udelar:<\/strong>\u00a0si ya sos funcionaria\/o, docente o estudiante de otra carrera, pod\u00e9s usar tu Usuario Udelar para ingresar al sistema.<\/li>\n<li><strong>Usuario GUB.UY:<\/strong>\u00a0lo proporciona el Estado uruguayo a trav\u00e9s de\u00a0<a href=\"http:\/\/www.gub.uy\/\">www.gub.uy<\/a>. En este\u00a0<a href=\"https:\/\/www.google.com\/search?q=identidad+digital+gub+uy+tutorial&amp;sca_esv=8f8c04cfd18c55a8&amp;sxsrf=AHTn8zqrB7YIE_WcmxBdZ49sbJ2pHrvItQ%3A1738764143292&amp;ei=b2-jZ6fEEYzX1sQP2M-6oQ4&amp;ved=0ahUKEwjnt--Y2ayLAxWMq5UCHdinLuQQ4dUDCBA&amp;uact=5&amp;oq=identidad+digital+gub+uy+tutorial&amp;gs_lp=Egxnd3Mtd2l6LXNlcnAiIWlkZW50aWRhZCBkaWdpdGFsIGd1YiB1eSB0dXRvcmlhbDIFECEYoAEyBRAhGKABSI8iUK8FWNUdcAJ4AJABAJgBjwKgAYIQqgEFMC44LjO4AQPIAQD4AQGYAgygAsIPwgIKEAAYsAMY1gQYR8ICDRAAGIAEGLADGEMYigXCAgYQABgWGB7CAggQABiABBiiBMICBBAhGBWYAwCIBgGQBgmSBwUyLjYuNKAHkiQ&amp;sclient=gws-wiz-serp#fpstate=ive&amp;vld=cid:c311a8be,vid:V3qkFaOg20s,st:5\">tutorial<\/a>\u00a0encontrar\u00e1s los pasos a seguir para obtenerlo.<\/li>\n<li><strong>Usuario TuID:<\/strong>\u00a0lo otorga ANTEL y pod\u00e9s solicitarlo en\u00a0<a href=\"http:\/\/www.tuid.uy\/\">www.tuid.uy<\/a>. En este\u00a0<a href=\"https:\/\/www.youtube.com\/watch?v=V3qkFaOg20s&amp;t=5s\">tutorial<\/a>\u00a0encontrar\u00e1s los pasos a seguir para gestionarlo.<\/li>\n<\/ul>\n<\/div>\n<div class=\"gridContainer\">\n<p><strong>2. Inscribirte en la Universidad de la Republica<\/strong><\/p>\n<p>Ingresa a la p\u00e1gina<a href=\"https:\/\/bedelias.udelar.edu.uy\/views\/public\/desktop\/leerNoticias\/leerNoticias01.xhtml\">\u00a0<strong>bedelias.udelar.edu.uy<\/strong><\/a>\u00a0y cliquea en el bot\u00f3n <strong>2026 INGRESOS<\/strong>. All\u00ed selecciona\u00a0<strong> Iniciar la Inscripci\u00f3n<\/strong> y luego en la opci\u00f3n\u00a0 <strong>Generaci\u00f3n de Ingreso<\/strong> podr\u00e1s iniciar la inscripci\u00f3n ingresando al sistema con tu Identidad Digital.<\/p>\n<p>El sistema te permitir\u00e1 preinscribirte de manera virtual hasta en 2 facultades o servicios y en 4 carreras en total. Para inscribirte a m\u00e1s carreras deber\u00e1s concurrir personalmente a Bedel\u00eda.<\/p>\n<p><strong>IMPORTANTE:\u00a0<\/strong><em>Despu\u00e9s de 7 minutos de inactividad el sistema cierra la sesi\u00f3n web por seguridad. Te recomendamos tener toda la informaci\u00f3n necesaria y la documentaci\u00f3n requerida escaneada y a disposici\u00f3n antes de empezar a hacer el tr\u00e1mite.\u00a0<\/em><\/p>\n<p>Debes descargar\u00a0tener la <strong><a href=\"https:\/\/litoralnorte.udelar.edu.uy\/bedelia\/requisitos-de-inscripcion\">documentaci\u00f3n requerida<\/a>.<\/strong><\/p>\n<p>Cuando debas seleccionar\u00a0la Facultad, ingresa en <strong>CENTRO UNIVERSITARIO REGIONAL &#8211; LITORAL NORTE<\/strong> y selecciona la carrera. En Sede debes seleccionar Salto (no importa si vas a cursar en Paysand\u00fa)<\/p>\n<p>Completa la informaci\u00f3n solicitada, escanea y adjunta la documentaci\u00f3n requerida.<\/p>\n<\/div>\n<p style=\"text-align: justify;\">Es importante que revises que el correo electr\u00f3nico que registras sea correcto. All\u00ed recibir\u00e1s la informaci\u00f3n para generar tu usuario Udelar.<\/p>\n<p style=\"text-align: justify;\"><b>3. Obt\u00e9n tu usuario Udelar e Inscr\u00edbete\u00a0a las asignaturas<\/b><\/p>\n<div class=\"gridContainer\">\n<p>Una vez que te inscribas recibir\u00e1s un usuario y una clave (v\u00e1lida por 72 horas), que debes activar para poder inscribirte a las <a href=\"https:\/\/dql.cup.edu.uy\/wp-content\/uploads\/2025\/02\/Materias-de-primer-ano-por-carrera-1.pdf\"><strong>asignaturas de primer a\u00f1o por carrera<\/strong><\/a>\u00a0a trav\u00e9s de\u00a0la plataforma online de <strong><a href=\"https:\/\/bedelias.udelar.edu.uy\">Bedel\u00eda<\/a>.\u00a0<\/strong><\/p>\n<\/div>\n<div class=\"gridContainer\">\n<p>Los horarios, salones y fecha de comienzo de los cursos se publicar\u00e1n la \u00faltima semana de febrero en la secci\u00f3n<a href=\"https:\/\/dql.cup.edu.uy\/index.php\/ensenanza\/cursos-de-grado\/\"> <strong>Ense\u00f1anza &gt; Cursos de Grado<\/strong><\/a>\u00a0de esta p\u00e1gina web.<\/p>\n<\/div>\n<h3><span style=\"font-size: 14pt;\">Por m\u00e1s informaci\u00f3n:<a href=\"https:\/\/litoralnorte.udelar.edu.uy\/bedelia\/requisitos-de-inscripcion\"> https:\/\/www.litoralnorte.udelar.edu.uy\/requisitos-de-inscripcion<\/a><\/span><\/h3>\n<h3>\u00a0<\/h3>\n<h3>Por consultas sobre inscripciones a primer a\u00f1o:<\/h3>\n<p><strong>E-mail: <\/strong><a href=\"&#x6d;&#97;i&#x6c;&#x74;&#111;:&#x63;&#x6f;&#111;r&#x64;&#105;n&#x61;&#x63;&#105;o&#x6e;&#x51;&#65;M&#x40;&#108;&#105;&#x74;&#x6f;&#114;a&#x6c;&#x6e;&#111;r&#x74;&#101;&#46;u&#x64;&#101;l&#x61;&#x72;&#46;e&#x64;&#x75;&#46;u&#x79;\" target=\"_blank\" rel=\"noopener noreferrer\">&#x63;o&#x6f;&#114;d&#x69;&#110;&#x61;&#x63;i&#x6f;&#110;Q&#x41;&#77;&#x40;&#108;i&#x74;&#111;r&#x61;&#108;&#x6e;&#111;r&#x74;&#101;&#x2e;&#x75;d&#x65;&#108;a&#x72;&#46;&#x65;&#x64;u&#x2e;&#117;y<\/a><\/p>\n<p>\u00a0<\/p>\n<p><span style=\"text-decoration: underline;\"><strong>Consultas presenciales sobre las carreras lunes a viernes de 9:00-12:00 hrs:<\/strong><\/span><\/p>\n<p><strong>Sede Salto:<\/strong>\u00a0Oficina del DQL en el Edificio Central de la Regional Norte (Rivera 1350 &#8211; 3er piso).<\/p>\n<p>\u00a0<\/p>\n<p>\u00a0<\/p>\n\n\n\n<\/div>\n","protected":false},"excerpt":{"rendered":"<div class=\"entry-summary\" itemprop=\"text\">\n<p>Podes inscribirte y cursar 1er a\u00f1o en Salto o Paysand\u00fa de las siguientes carreras de Facultad de Qu\u00edmica: -Qu\u00edmico Agr\u00edcola y Medio Ambiente (carrera completa en Paysand\u00fa) -Bioqu\u00edmico Cl\u00ednico -Ingenier\u00eda Qu\u00edmica -Ingenier\u00eda en Alimentos -Qu\u00edmico Farmac\u00e9utico -Licenciatura en Qu\u00edmica (se puede cursar la totalidad de los cursos en Paysand\u00fa) -Bachiller en Qu\u00edmica\u00a0(carrera completa en Paysand\u00fa) &#8230;<\/p>\n\n<\/div>\n","protected":false},"author":2,"featured_media":0,"parent":15,"menu_order":1,"comment_status":"closed","ping_status":"closed","template":"","meta":{"footnotes":""},"class_list":["post-1208","page","type-page","status-publish","hentry","entry-lead"],"_links":{"self":[{"href":"https:\/\/dql.cup.edu.uy\/index.php\/wp-json\/wp\/v2\/pages\/1208","targetHints":{"allow":["GET"]}}],"collection":[{"href":"https:\/\/dql.cup.edu.uy\/index.php\/wp-json\/wp\/v2\/pages"}],"about":[{"href":"https:\/\/dql.cup.edu.uy\/index.php\/wp-json\/wp\/v2\/types\/page"}],"author":[{"embeddable":true,"href":"https:\/\/dql.cup.edu.uy\/index.php\/wp-json\/wp\/v2\/users\/2"}],"replies":[{"embeddable":true,"href":"https:\/\/dql.cup.edu.uy\/index.php\/wp-json\/wp\/v2\/comments?post=1208"}],"version-history":[{"count":104,"href":"https:\/\/dql.cup.edu.uy\/index.php\/wp-json\/wp\/v2\/pages\/1208\/revisions"}],"predecessor-version":[{"id":4857,"href":"https:\/\/dql.cup.edu.uy\/index.php\/wp-json\/wp\/v2\/pages\/1208\/revisions\/4857"}],"up":[{"embeddable":true,"href":"https:\/\/dql.cup.edu.uy\/index.php\/wp-json\/wp\/v2\/pages\/15"}],"wp:attachment":[{"href":"https:\/\/dql.cup.edu.uy\/index.php\/wp-json\/wp\/v2\/media?parent=1208"}],"curies":[{"name":"wp","href":"https:\/\/api.w.org\/{rel}","templated":true}]}}