{"id":1001,"date":"2017-05-17T09:31:43","date_gmt":"2017-05-17T12:31:43","guid":{"rendered":"http:\/\/server.paap.cup.edu.uy\/wordpress_dql\/?page_id=1001"},"modified":"2026-02-10T15:20:42","modified_gmt":"2026-02-10T18:20:42","slug":"contactos","status":"publish","type":"page","link":"https:\/\/dql.cup.edu.uy\/index.php\/contactos\/","title":{"rendered":"Contactos"},"content":{"rendered":"<div class=\"entry-content\" itemprop=\"text\">\n<h3><\/h3>\n<h3>Consultas en general:<\/h3>\n<p>Comunicarse a: <a href=\"&#x6d;&#97;&#x69;&#x6c;&#116;&#x6f;&#58;d&#x71;&#108;&#64;&#x66;&#113;&#46;&#x65;&#100;u&#x2e;&#117;&#x79;\" target=\"_blank\" rel=\"noopener noreferrer\">dql&#64;&#102;&#113;&#46;&#x65;&#x64;&#x75;&#x2e;&#x75;&#x79;<\/a><\/p>\n<p>Tel. (+598) 4722-7950 interno 131<\/p>\n<hr \/>\n<h3>Consultas de estudiantes:<\/h3>\n<p>Por inscripciones o problemas administrativos comunicarse con la Comisi\u00f3n de Seguimiento de Estudiantes: <a href=\"&#99;&#x6f;&#x6f;&#114;&#x64;&#x69;&#110;&#x61;&#x63;&#105;&#x6f;&#x6e;&#81;&#x41;&#x4d;&#64;&#x6c;&#x69;&#116;&#x6f;&#x72;&#97;&#x6c;&#x6e;&#111;&#x72;&#x74;e&#x2e;&#x75;d&#x65;&#x6c;a&#114;&#x2e;e&#100;&#x75;&#46;&#117;&#x79;\">&#x63;&#111;o&#x72;&#100;i&#x6e;&#x61;&#99;&#x69;&#x6f;&#110;Q&#x41;&#77;&#64;&#x6c;&#x69;&#116;&#x6f;&#x72;&#97;l&#x6e;&#111;r&#x74;&#x65;&#46;&#x75;&#x64;&#101;l&#x61;&#114;&#46;&#x65;&#x64;&#117;&#x2e;&#x75;&#121;<\/a><\/p>\n<hr \/>\n<h3>Instituciones:<\/h3>\n<ul>\n<li><a href=\"http:\/\/universidad.edu.uy\" target=\"_blank\" rel=\"noopener noreferrer\">Universidad de la Rep\u00fablica (UdelaR)<\/a><\/li>\n<li><a href=\"http:\/\/www.fq.edu.uy\" target=\"_blank\" rel=\"noopener noreferrer\">Facultad de Qu\u00edmica (FQ)<\/a><\/li>\n<li>Centro Universitario Regi\u00f3n (CENUR) Litoral Norte:\n<ul>\n<li><a href=\"http:\/\/www.unorte.edu.uy\" target=\"_blank\" rel=\"noopener noreferrer\">Sede Salto<\/a><\/li>\n<li><a href=\"http:\/\/www.cup.edu.uy\" target=\"_blank\" rel=\"noopener noreferrer\">Sede Paysand\u00fa<\/a><\/li>\n<\/ul>\n<\/li>\n<li><a href=\"http:\/\/www.eemac.edu.uy\" target=\"_blank\" rel=\"noopener noreferrer\">Estaci\u00f3n Experimental Mario A. Cassinoni (EEMAC)<\/a><\/li>\n<\/ul>\n<hr \/>\n<h3>Bedel\u00eda:<\/h3>\n<p>Ante consultas referente a bedel\u00eda contactarse primero con:<br \/>\nComisi\u00f3n Bedel\u00eda DQL al mail\u00a0<a href=\"&#x6d;&#x61;&#x69;&#x6c;&#116;&#111;&#58;&#99;omi&#x73;&#x69;&#x6f;&#x6e;&#x62;&#101;&#100;&#101;lia&#x64;&#x71;&#x6c;&#x40;&#x67;&#109;&#97;&#105;l&#46;c&#x6f;&#x6d;\"><span style=\"color: #000000;\">&#x63;&#x6f;&#x6d;&#x69;&#x73;&#x69;&#x6f;&#x6e;&#x62;&#x65;&#x64;&#x65;&#x6c;&#x69;&#x61;&#x64;&#x71;&#x6c;&#x40;&#x67;&#x6d;&#x61;&#x69;&#x6c;&#x2e;&#x63;&#x6f;&#x6d;<\/span><\/a><\/p>\n<p><a href=\"http:\/\/bedelias.edu.uy\" target=\"_blank\" rel=\"noopener noreferrer\">Sistema de Gesti\u00f3n de Bedel\u00edas (SGB)<\/a><\/p>\n<hr \/>\n<p><span style=\"font-size: 18pt;\"><strong>Expediente electr\u00f3nico:<\/strong><\/span><\/p>\n<p><a href=\"http:\/\/www.expe.edu.uy\/\" target=\"_blank\" rel=\"noopener noreferrer\">Expediente electr\u00f3nico de la UdelaR<\/a><\/p>\n<div id=\"pageContainer1\" class=\"page\" data-page-number=\"1\" data-loaded=\"true\">\n<div class=\"textLayer\">\n<div data-canvas-width=\"171.98229941697267\">\n<hr \/>\n<\/div>\n<h3 data-canvas-width=\"171.98229941697267\">Becas:<\/h3>\n<ul>\n<li data-canvas-width=\"171.98229941697267\">Estudiantes de grado:\n<ul>\n<li data-canvas-width=\"171.98229941697267\"><a href=\"http:\/\/becas.fondodesolidaridad.edu.uy\/\" target=\"_blank\" rel=\"noopener noreferrer\">Fondo de Solidaridad<\/a>: Inscripciones hasta el 28\/02\/2026<\/li>\n<li data-canvas-width=\"171.98229941697267\"><a href=\"http:\/\/www.bienestar.edu.uy\" target=\"_blank\" rel=\"noopener noreferrer\">Bienestar Universitario<\/a>:\n<ul>\n<li data-canvas-width=\"171.98229941697267\">Inscripciones (ingresos 2023): desde el 16 al 31 de marzo de 2026<\/li>\n<li data-canvas-width=\"171.98229941697267\">Renovaciones: hasta el 23\/02\/2026<\/li>\n<\/ul>\n<\/li>\n<\/ul>\n<\/li>\n<\/ul>\n<ul>\n<li data-canvas-width=\"190.09522141927593\">Estudiantes de posgrado:\n<ul>\n<li data-canvas-width=\"190.09522141927593\"><a href=\"http:\/\/www.anii.org.uy\/apoyos\/formacion\/\" target=\"_blank\" rel=\"noopener noreferrer\">Agencia Nacional de Investigaci\u00f3n e Innovaci\u00f3n (ANII)<\/a><\/li>\n<li data-canvas-width=\"190.09522141927593\"><a style=\"background-color: #ffffff;\" href=\"http:\/\/www.cci.edu.uy\/apoyo-a-estudios-de-posgrado\" target=\"_blank\" rel=\"noopener noreferrer\">Comisi\u00f3n Coordinadora del Interior (CCI)<\/a><\/li>\n<\/ul>\n<\/li>\n<\/ul>\n<\/div>\n<hr \/>\n<h3>Varios<\/h3>\n<p>(Planillas, etc.)<\/p>\n<p><a href=\"https:\/\/dql.cup.edu.uy\/index.php\/pagina-interna-del-dql\/\">Planillas y otros<\/a><\/p>\n<hr \/>\n<h3>Por temas relacionados por la p\u00e1gina Web:<\/h3>\n<p>Comunicarse con:\u00a0<a href=\"&#x6d;&#x61;&#x69;&#108;&#116;&#111;:c&#x6f;&#x6d;&#x69;&#x73;&#105;&#111;ni&#x6e;&#x66;&#x6f;&#x72;&#109;&#97;ti&#x63;&#x61;&#x64;&#x71;&#108;&#64;&#103;ma&#x69;&#x6c;&#x2e;&#x63;&#111;&#109;\">&#99;&#x6f;m&#x69;&#x73;&#105;&#x6f;n&#x69;&#x6e;&#102;&#x6f;r&#x6d;&#x61;&#116;&#x69;c&#x61;&#x64;&#113;&#x6c;&#64;&#x67;&#x6d;&#97;&#x69;l&#x2e;&#x63;&#111;&#x6d;<\/a><\/p>\n<\/div>\n\n\n<\/div>\n","protected":false},"excerpt":{"rendered":"<div class=\"entry-summary\" itemprop=\"text\">\n<p>Consultas en general: Comunicarse a: &#100;&#x71;&#108;&#x40;f&#x71;&#46;&#101;&#x64;&#117;&#x2e;&#117;&#x79; Tel. (+598) 4722-7950 interno 131 Consultas de estudiantes: Por inscripciones o problemas administrativos comunicarse con la Comisi\u00f3n de Seguimiento de Estudiantes: coordinacion&#81;&#65;&#77;&#64;&#108;&#105;&#116;&#111;&#114;&#97;&#108;&#110;&#111;&#114;&#116;&#x65;&#x2e;&#x75;&#x64;&#x65;&#x6c;&#x61;&#x72;&#x2e;&#x65;&#x64;&#x75;&#x2e;&#x75;&#x79; Instituciones: Universidad de la Rep\u00fablica (UdelaR) Facultad de Qu\u00edmica (FQ) Centro Universitario Regi\u00f3n (CENUR) Litoral Norte: Sede Salto Sede Paysand\u00fa Estaci\u00f3n Experimental Mario A. Cassinoni (EEMAC) Bedel\u00eda: &#8230;<\/p>\n\n<\/div>\n","protected":false},"author":1,"featured_media":485,"parent":0,"menu_order":0,"comment_status":"closed","ping_status":"closed","template":"","meta":{"footnotes":""},"class_list":["post-1001","page","type-page","status-publish","has-post-thumbnail","hentry","entry-lead"],"_links":{"self":[{"href":"https:\/\/dql.cup.edu.uy\/index.php\/wp-json\/wp\/v2\/pages\/1001","targetHints":{"allow":["GET"]}}],"collection":[{"href":"https:\/\/dql.cup.edu.uy\/index.php\/wp-json\/wp\/v2\/pages"}],"about":[{"href":"https:\/\/dql.cup.edu.uy\/index.php\/wp-json\/wp\/v2\/types\/page"}],"author":[{"embeddable":true,"href":"https:\/\/dql.cup.edu.uy\/index.php\/wp-json\/wp\/v2\/users\/1"}],"replies":[{"embeddable":true,"href":"https:\/\/dql.cup.edu.uy\/index.php\/wp-json\/wp\/v2\/comments?post=1001"}],"version-history":[{"count":24,"href":"https:\/\/dql.cup.edu.uy\/index.php\/wp-json\/wp\/v2\/pages\/1001\/revisions"}],"predecessor-version":[{"id":4934,"href":"https:\/\/dql.cup.edu.uy\/index.php\/wp-json\/wp\/v2\/pages\/1001\/revisions\/4934"}],"wp:featuredmedia":[{"embeddable":true,"href":"https:\/\/dql.cup.edu.uy\/index.php\/wp-json\/wp\/v2\/media\/485"}],"wp:attachment":[{"href":"https:\/\/dql.cup.edu.uy\/index.php\/wp-json\/wp\/v2\/media?parent=1001"}],"curies":[{"name":"wp","href":"https:\/\/api.w.org\/{rel}","templated":true}]}}